{"id":11448,"date":"2025-10-28T16:47:34","date_gmt":"2025-10-28T19:47:34","guid":{"rendered":"https:\/\/promoalge.com.br\/?post_type=product&#038;p=11448"},"modified":"2025-10-28T16:47:34","modified_gmt":"2025-10-28T19:47:34","slug":"caderneta-pu-pr-15357","status":"publish","type":"product","link":"https:\/\/promoalge.com.br\/?product=caderneta-pu-pr-15357","title":{"rendered":"Caderneta PU &#8211; PR 15357"},"content":{"rendered":"","protected":false},"excerpt":{"rendered":"<p>Descri\u00e7\u00e3o: Caderneta com capa em PU revestida com fibra de caf\u00e9 ou ch\u00e1, engate para caneta com fecho magn\u00e9tico e placa met\u00e1lica, marcador de p\u00e1ginas em fita de cetim e cerca de 80 folhas pautadas.<\/p>\n<p>Largura :  14,2 cm<\/p>\n<p>Espessura :  1,7 cm<\/p>\n<p>Comprimento :  20,8 cm<\/p>\n<p>Quantidade minima de 50 unidades.<\/p>\n","protected":false},"featured_media":11449,"template":"","meta":[],"product_brand":[],"product_cat":[409],"product_tag":[],"class_list":{"0":"post-11448","1":"product","2":"type-product","3":"status-publish","4":"has-post-thumbnail","6":"product_cat-escritorio","8":"first","9":"instock","10":"shipping-taxable","11":"product-type-simple"},"_links":{"self":[{"href":"https:\/\/promoalge.com.br\/index.php?rest_route=\/wp\/v2\/product\/11448","targetHints":{"allow":["GET"]}}],"collection":[{"href":"https:\/\/promoalge.com.br\/index.php?rest_route=\/wp\/v2\/product"}],"about":[{"href":"https:\/\/promoalge.com.br\/index.php?rest_route=\/wp\/v2\/types\/product"}],"wp:featuredmedia":[{"embeddable":true,"href":"https:\/\/promoalge.com.br\/index.php?rest_route=\/wp\/v2\/media\/11449"}],"wp:attachment":[{"href":"https:\/\/promoalge.com.br\/index.php?rest_route=%2Fwp%2Fv2%2Fmedia&parent=11448"}],"wp:term":[{"taxonomy":"product_brand","embeddable":true,"href":"https:\/\/promoalge.com.br\/index.php?rest_route=%2Fwp%2Fv2%2Fproduct_brand&post=11448"},{"taxonomy":"product_cat","embeddable":true,"href":"https:\/\/promoalge.com.br\/index.php?rest_route=%2Fwp%2Fv2%2Fproduct_cat&post=11448"},{"taxonomy":"product_tag","embeddable":true,"href":"https:\/\/promoalge.com.br\/index.php?rest_route=%2Fwp%2Fv2%2Fproduct_tag&post=11448"}],"curies":[{"name":"wp","href":"https:\/\/api.w.org\/{rel}","templated":true}]}}