{"id":11452,"date":"2025-10-28T16:55:45","date_gmt":"2025-10-28T19:55:45","guid":{"rendered":"https:\/\/promoalge.com.br\/?post_type=product&#038;p=11452"},"modified":"2025-10-28T16:55:45","modified_gmt":"2025-10-28T19:55:45","slug":"planner-diario-pu-pr-15359","status":"publish","type":"product","link":"https:\/\/promoalge.com.br\/?product=planner-diario-pu-pr-15359","title":{"rendered":"Planner Di\u00e1rio PU &#8211; PR 15359"},"content":{"rendered":"","protected":false},"excerpt":{"rendered":"<p>Descri\u00e7\u00e3o: Planner di\u00e1rio com capa dura em PU, encaderna\u00e7\u00e3o em Wire-O e gancho met\u00e1lico superior. Possui cerca de 80 folhas com se\u00e7\u00f5es para a anota\u00e7\u00e3o de prioridades, tarefas e agenda do dia.<\/p>\n<p>Largura :  15,6 cm<\/p>\n<p>Espessura :  2,1 cm<\/p>\n<p>Comprimento :  22,7 cm<\/p>\n<p>Quantidade minima de 50 unidades.<\/p>\n","protected":false},"featured_media":11453,"template":"","meta":[],"product_brand":[],"product_cat":[409],"product_tag":[],"class_list":{"0":"post-11452","1":"product","2":"type-product","3":"status-publish","4":"has-post-thumbnail","6":"product_cat-escritorio","8":"first","9":"instock","10":"shipping-taxable","11":"product-type-simple"},"_links":{"self":[{"href":"https:\/\/promoalge.com.br\/index.php?rest_route=\/wp\/v2\/product\/11452","targetHints":{"allow":["GET"]}}],"collection":[{"href":"https:\/\/promoalge.com.br\/index.php?rest_route=\/wp\/v2\/product"}],"about":[{"href":"https:\/\/promoalge.com.br\/index.php?rest_route=\/wp\/v2\/types\/product"}],"wp:featuredmedia":[{"embeddable":true,"href":"https:\/\/promoalge.com.br\/index.php?rest_route=\/wp\/v2\/media\/11453"}],"wp:attachment":[{"href":"https:\/\/promoalge.com.br\/index.php?rest_route=%2Fwp%2Fv2%2Fmedia&parent=11452"}],"wp:term":[{"taxonomy":"product_brand","embeddable":true,"href":"https:\/\/promoalge.com.br\/index.php?rest_route=%2Fwp%2Fv2%2Fproduct_brand&post=11452"},{"taxonomy":"product_cat","embeddable":true,"href":"https:\/\/promoalge.com.br\/index.php?rest_route=%2Fwp%2Fv2%2Fproduct_cat&post=11452"},{"taxonomy":"product_tag","embeddable":true,"href":"https:\/\/promoalge.com.br\/index.php?rest_route=%2Fwp%2Fv2%2Fproduct_tag&post=11452"}],"curies":[{"name":"wp","href":"https:\/\/api.w.org\/{rel}","templated":true}]}}