{"id":11454,"date":"2025-10-28T17:01:06","date_gmt":"2025-10-28T20:01:06","guid":{"rendered":"https:\/\/promoalge.com.br\/?post_type=product&#038;p=11454"},"modified":"2025-10-28T17:01:07","modified_gmt":"2025-10-28T20:01:07","slug":"kit-vinho-bambu-4-pecas-pr-15361","status":"publish","type":"product","link":"https:\/\/promoalge.com.br\/?product=kit-vinho-bambu-4-pecas-pr-15361","title":{"rendered":"Kit Vinho Bambu 4 Pe\u00e7as &#8211; PR 15361"},"content":{"rendered":"","protected":false},"excerpt":{"rendered":"<p>Descri\u00e7\u00e3o: Kit vinho formado por quatro itens em metal com detalhes em bambu, incluindo: um saca-rolhas com l\u00e2mina de corte para lacres e abridor de garrafas, uma tampa para bico, um bico dosador com tampa e um anel corta-gotas (wine collar). Acompanha uma caixa em bambu com revestimento em EVA e trava em inox para guardar os itens do conjunto, al\u00e9m de compartimento interno para garrafa de vinho de tamanho padr\u00e3o.<\/p>\n<p>OBS.: N\u00e3o acompanha garrafa vinho, imagem meramente ilustrativa.<\/p>\n<p>Altura :  11,2 cm<\/p>\n<p>Largura :  11 cm<\/p>\n<p>Comprimento :  36 cm<\/p>\n<p>Quantidade minima de 50 unidades.<\/p>\n","protected":false},"featured_media":11455,"template":"","meta":[],"product_brand":[],"product_cat":[49],"product_tag":[],"class_list":{"0":"post-11454","1":"product","2":"type-product","3":"status-publish","4":"has-post-thumbnail","6":"product_cat-bar-queijo-vinhos","8":"first","9":"instock","10":"shipping-taxable","11":"product-type-simple"},"_links":{"self":[{"href":"https:\/\/promoalge.com.br\/index.php?rest_route=\/wp\/v2\/product\/11454","targetHints":{"allow":["GET"]}}],"collection":[{"href":"https:\/\/promoalge.com.br\/index.php?rest_route=\/wp\/v2\/product"}],"about":[{"href":"https:\/\/promoalge.com.br\/index.php?rest_route=\/wp\/v2\/types\/product"}],"wp:featuredmedia":[{"embeddable":true,"href":"https:\/\/promoalge.com.br\/index.php?rest_route=\/wp\/v2\/media\/11455"}],"wp:attachment":[{"href":"https:\/\/promoalge.com.br\/index.php?rest_route=%2Fwp%2Fv2%2Fmedia&parent=11454"}],"wp:term":[{"taxonomy":"product_brand","embeddable":true,"href":"https:\/\/promoalge.com.br\/index.php?rest_route=%2Fwp%2Fv2%2Fproduct_brand&post=11454"},{"taxonomy":"product_cat","embeddable":true,"href":"https:\/\/promoalge.com.br\/index.php?rest_route=%2Fwp%2Fv2%2Fproduct_cat&post=11454"},{"taxonomy":"product_tag","embeddable":true,"href":"https:\/\/promoalge.com.br\/index.php?rest_route=%2Fwp%2Fv2%2Fproduct_tag&post=11454"}],"curies":[{"name":"wp","href":"https:\/\/api.w.org\/{rel}","templated":true}]}}