{"id":1146,"date":"2018-08-20T13:24:06","date_gmt":"2018-08-20T16:24:06","guid":{"rendered":"http:\/\/promoalge.com.br\/?post_type=product&#038;p=1146"},"modified":"2018-08-20T13:25:00","modified_gmt":"2018-08-20T16:25:00","slug":"chaveiro-metal-4-funcoes-pc00070","status":"publish","type":"product","link":"https:\/\/promoalge.com.br\/?product=chaveiro-metal-4-funcoes-pc00070","title":{"rendered":"Chaveiro Metal 4 Fun\u00e7\u00f5es &#8211; PC00070"},"content":{"rendered":"","protected":false},"excerpt":{"rendered":"<p>Chaveiro canivete 4 fun\u00e7\u00f5es de metal. Possui: abridor de lata, lixa, l\u00e2mina de corte e abridor de garrafa, Grava\u00e7\u00e3o a laser.<\/p>\n","protected":false},"featured_media":1148,"template":"","meta":[],"product_brand":[],"product_cat":[406,411],"product_tag":[],"class_list":{"0":"post-1146","1":"product","2":"type-product","3":"status-publish","4":"has-post-thumbnail","6":"product_cat-chaveiros","7":"product_cat-ferramentas","9":"first","10":"instock","11":"shipping-taxable","12":"product-type-simple"},"_links":{"self":[{"href":"https:\/\/promoalge.com.br\/index.php?rest_route=\/wp\/v2\/product\/1146","targetHints":{"allow":["GET"]}}],"collection":[{"href":"https:\/\/promoalge.com.br\/index.php?rest_route=\/wp\/v2\/product"}],"about":[{"href":"https:\/\/promoalge.com.br\/index.php?rest_route=\/wp\/v2\/types\/product"}],"wp:featuredmedia":[{"embeddable":true,"href":"https:\/\/promoalge.com.br\/index.php?rest_route=\/wp\/v2\/media\/1148"}],"wp:attachment":[{"href":"https:\/\/promoalge.com.br\/index.php?rest_route=%2Fwp%2Fv2%2Fmedia&parent=1146"}],"wp:term":[{"taxonomy":"product_brand","embeddable":true,"href":"https:\/\/promoalge.com.br\/index.php?rest_route=%2Fwp%2Fv2%2Fproduct_brand&post=1146"},{"taxonomy":"product_cat","embeddable":true,"href":"https:\/\/promoalge.com.br\/index.php?rest_route=%2Fwp%2Fv2%2Fproduct_cat&post=1146"},{"taxonomy":"product_tag","embeddable":true,"href":"https:\/\/promoalge.com.br\/index.php?rest_route=%2Fwp%2Fv2%2Fproduct_tag&post=1146"}],"curies":[{"name":"wp","href":"https:\/\/api.w.org\/{rel}","templated":true}]}}