{"id":11463,"date":"2025-10-28T17:13:39","date_gmt":"2025-10-28T20:13:39","guid":{"rendered":"https:\/\/promoalge.com.br\/?post_type=product&#038;p=11463"},"modified":"2025-10-28T17:13:40","modified_gmt":"2025-10-28T20:13:40","slug":"bloco-de-anotacoes-papelao-com-caneta-pr-15365","status":"publish","type":"product","link":"https:\/\/promoalge.com.br\/?product=bloco-de-anotacoes-papelao-com-caneta-pr-15365","title":{"rendered":"Bloco de Anota\u00e7\u00f5es Papel\u00e3o com Caneta &#8211; PR 15365"},"content":{"rendered":"","protected":false},"excerpt":{"rendered":"<p>Descri\u00e7\u00e3o: Bloco de notas com capa dura em papel\u00e3o encaderna\u00e7\u00e3o em Wire-O e el\u00e1stico porta-canetas. Possui aproximadamente 70 folhas sem pauta e acompanha caneta com corpo em papel\u00e3o, acionamento por clique, ponteira e clipe em pl\u00e1stico, al\u00e9m de carga esferogr\u00e1fica azul de 1,0 mm.<\/p>\n<p>Largura :  9 cm<\/p>\n<p>Espessura :  1,6 cm<\/p>\n<p>Comprimento :  14,5 cm<\/p>\n<p>Quantidade minima de 50 unidades.<\/p>\n","protected":false},"featured_media":11464,"template":"","meta":[],"product_brand":[],"product_cat":[409],"product_tag":[],"class_list":{"0":"post-11463","1":"product","2":"type-product","3":"status-publish","4":"has-post-thumbnail","6":"product_cat-escritorio","8":"first","9":"instock","10":"shipping-taxable","11":"product-type-simple"},"_links":{"self":[{"href":"https:\/\/promoalge.com.br\/index.php?rest_route=\/wp\/v2\/product\/11463","targetHints":{"allow":["GET"]}}],"collection":[{"href":"https:\/\/promoalge.com.br\/index.php?rest_route=\/wp\/v2\/product"}],"about":[{"href":"https:\/\/promoalge.com.br\/index.php?rest_route=\/wp\/v2\/types\/product"}],"wp:featuredmedia":[{"embeddable":true,"href":"https:\/\/promoalge.com.br\/index.php?rest_route=\/wp\/v2\/media\/11464"}],"wp:attachment":[{"href":"https:\/\/promoalge.com.br\/index.php?rest_route=%2Fwp%2Fv2%2Fmedia&parent=11463"}],"wp:term":[{"taxonomy":"product_brand","embeddable":true,"href":"https:\/\/promoalge.com.br\/index.php?rest_route=%2Fwp%2Fv2%2Fproduct_brand&post=11463"},{"taxonomy":"product_cat","embeddable":true,"href":"https:\/\/promoalge.com.br\/index.php?rest_route=%2Fwp%2Fv2%2Fproduct_cat&post=11463"},{"taxonomy":"product_tag","embeddable":true,"href":"https:\/\/promoalge.com.br\/index.php?rest_route=%2Fwp%2Fv2%2Fproduct_tag&post=11463"}],"curies":[{"name":"wp","href":"https:\/\/api.w.org\/{rel}","templated":true}]}}