{"id":11465,"date":"2025-10-28T17:16:49","date_gmt":"2025-10-28T20:16:49","guid":{"rendered":"https:\/\/promoalge.com.br\/?post_type=product&#038;p=11465"},"modified":"2025-10-28T17:16:49","modified_gmt":"2025-10-28T20:16:49","slug":"bloco-de-anotacoes-kraft-com-caneta-pr-15366","status":"publish","type":"product","link":"https:\/\/promoalge.com.br\/?product=bloco-de-anotacoes-kraft-com-caneta-pr-15366","title":{"rendered":"Bloco de Anota\u00e7\u00f5es Kraft com Caneta &#8211; PR 15366"},"content":{"rendered":"","protected":false},"excerpt":{"rendered":"<p>Descri\u00e7\u00e3o: Bloco de anota\u00e7\u00f5es com capa em kraft, encaderna\u00e7\u00e3o Wire-O, porta-caneta e fechamento em el\u00e1stico, al\u00e9m de disco rotativo com os dias da semana. Inclui cerca de 70 folhas pautadas e cinco blocos de marcadores coloridos autocolantes, com 26 unidades cada. Acompanha caneta esferogr\u00e1fica azul de 1,0 mm, com corpo em papel\u00e3o, acionamento por clique e detalhes em pl\u00e1stico.<\/p>\n<p>Largura :  10,1 cm<\/p>\n<p>Espessura :  1,3 cm<\/p>\n<p>Comprimento :  14,5 cm<\/p>\n<p>Quantidade minima de 50 unidades.<\/p>\n","protected":false},"featured_media":11466,"template":"","meta":[],"product_brand":[],"product_cat":[409],"product_tag":[],"class_list":{"0":"post-11465","1":"product","2":"type-product","3":"status-publish","4":"has-post-thumbnail","6":"product_cat-escritorio","8":"first","9":"instock","10":"shipping-taxable","11":"product-type-simple"},"_links":{"self":[{"href":"https:\/\/promoalge.com.br\/index.php?rest_route=\/wp\/v2\/product\/11465","targetHints":{"allow":["GET"]}}],"collection":[{"href":"https:\/\/promoalge.com.br\/index.php?rest_route=\/wp\/v2\/product"}],"about":[{"href":"https:\/\/promoalge.com.br\/index.php?rest_route=\/wp\/v2\/types\/product"}],"wp:featuredmedia":[{"embeddable":true,"href":"https:\/\/promoalge.com.br\/index.php?rest_route=\/wp\/v2\/media\/11466"}],"wp:attachment":[{"href":"https:\/\/promoalge.com.br\/index.php?rest_route=%2Fwp%2Fv2%2Fmedia&parent=11465"}],"wp:term":[{"taxonomy":"product_brand","embeddable":true,"href":"https:\/\/promoalge.com.br\/index.php?rest_route=%2Fwp%2Fv2%2Fproduct_brand&post=11465"},{"taxonomy":"product_cat","embeddable":true,"href":"https:\/\/promoalge.com.br\/index.php?rest_route=%2Fwp%2Fv2%2Fproduct_cat&post=11465"},{"taxonomy":"product_tag","embeddable":true,"href":"https:\/\/promoalge.com.br\/index.php?rest_route=%2Fwp%2Fv2%2Fproduct_tag&post=11465"}],"curies":[{"name":"wp","href":"https:\/\/api.w.org\/{rel}","templated":true}]}}