{"id":11469,"date":"2025-10-28T17:31:52","date_gmt":"2025-10-28T20:31:52","guid":{"rendered":"https:\/\/promoalge.com.br\/?post_type=product&#038;p=11469"},"modified":"2025-10-28T17:31:52","modified_gmt":"2025-10-28T20:31:52","slug":"kit-executivo-2-pecas-pr-15368","status":"publish","type":"product","link":"https:\/\/promoalge.com.br\/?product=kit-executivo-2-pecas-pr-15368","title":{"rendered":"Kit Executivo 2 Pe\u00e7as &#8211; PR 15368"},"content":{"rendered":"","protected":false},"excerpt":{"rendered":"<p>Descri\u00e7\u00e3o: Kit executivo com dois itens. O conjunto \u00e9 composto por uma caderneta com capa dura em couro sint\u00e9tico revestido com fibra de caf\u00e9, no tamanho A5, com fechamento magn\u00e9tico, marca-p\u00e1ginas em fita de cetim e cerca de 80 folhas pautadas; e uma caneta met\u00e1lica com detalhes do mesmo material, acionamento por rota\u00e7\u00e3o e carga esferogr\u00e1fica azul de 1,0 mm. Acompanha uma caixa de papel\u00e3o com ber\u00e7o em espuma para a caneta.<\/p>\n<p>Largura :  21 cm<\/p>\n<p>Profundidade :  2,4 cm<\/p>\n<p>Comprimento :  22 cm<\/p>\n<p>Quantidade minima de 50 unidades.<\/p>\n","protected":false},"featured_media":11470,"template":"","meta":[],"product_brand":[],"product_cat":[407],"product_tag":[],"class_list":{"0":"post-11469","1":"product","2":"type-product","3":"status-publish","4":"has-post-thumbnail","6":"product_cat-conjuntos","8":"first","9":"instock","10":"shipping-taxable","11":"product-type-simple"},"_links":{"self":[{"href":"https:\/\/promoalge.com.br\/index.php?rest_route=\/wp\/v2\/product\/11469","targetHints":{"allow":["GET"]}}],"collection":[{"href":"https:\/\/promoalge.com.br\/index.php?rest_route=\/wp\/v2\/product"}],"about":[{"href":"https:\/\/promoalge.com.br\/index.php?rest_route=\/wp\/v2\/types\/product"}],"wp:featuredmedia":[{"embeddable":true,"href":"https:\/\/promoalge.com.br\/index.php?rest_route=\/wp\/v2\/media\/11470"}],"wp:attachment":[{"href":"https:\/\/promoalge.com.br\/index.php?rest_route=%2Fwp%2Fv2%2Fmedia&parent=11469"}],"wp:term":[{"taxonomy":"product_brand","embeddable":true,"href":"https:\/\/promoalge.com.br\/index.php?rest_route=%2Fwp%2Fv2%2Fproduct_brand&post=11469"},{"taxonomy":"product_cat","embeddable":true,"href":"https:\/\/promoalge.com.br\/index.php?rest_route=%2Fwp%2Fv2%2Fproduct_cat&post=11469"},{"taxonomy":"product_tag","embeddable":true,"href":"https:\/\/promoalge.com.br\/index.php?rest_route=%2Fwp%2Fv2%2Fproduct_tag&post=11469"}],"curies":[{"name":"wp","href":"https:\/\/api.w.org\/{rel}","templated":true}]}}