{"id":11476,"date":"2025-10-30T13:38:07","date_gmt":"2025-10-30T16:38:07","guid":{"rendered":"https:\/\/promoalge.com.br\/?post_type=product&#038;p=11476"},"modified":"2025-10-30T13:38:07","modified_gmt":"2025-10-30T16:38:07","slug":"carteira-couro-pr-15370","status":"publish","type":"product","link":"https:\/\/promoalge.com.br\/?product=carteira-couro-pr-15370","title":{"rendered":"Carteira Couro &#8211; PR 15370"},"content":{"rendered":"","protected":false},"excerpt":{"rendered":"<p>Descri\u00e7\u00e3o: Carteira em couro com design compacto e sem fechamento. Possui seis divis\u00f3rias internas para cart\u00f5es e documentos e um compartimento para c\u00e9dulas.<\/p>\n<p>Largura :  10,4 cm<\/p>\n<p>Espessura :  0,9 cm<\/p>\n<p>Comprimento :  8,1 cm<\/p>\n<p>Quantidade minima de 50 unidades.<\/p>\n","protected":false},"featured_media":11477,"template":"","meta":[],"product_brand":[],"product_cat":[353],"product_tag":[],"class_list":{"0":"post-11476","1":"product","2":"type-product","3":"status-publish","4":"has-post-thumbnail","6":"product_cat-diversos","8":"first","9":"instock","10":"shipping-taxable","11":"product-type-simple"},"_links":{"self":[{"href":"https:\/\/promoalge.com.br\/index.php?rest_route=\/wp\/v2\/product\/11476","targetHints":{"allow":["GET"]}}],"collection":[{"href":"https:\/\/promoalge.com.br\/index.php?rest_route=\/wp\/v2\/product"}],"about":[{"href":"https:\/\/promoalge.com.br\/index.php?rest_route=\/wp\/v2\/types\/product"}],"wp:featuredmedia":[{"embeddable":true,"href":"https:\/\/promoalge.com.br\/index.php?rest_route=\/wp\/v2\/media\/11477"}],"wp:attachment":[{"href":"https:\/\/promoalge.com.br\/index.php?rest_route=%2Fwp%2Fv2%2Fmedia&parent=11476"}],"wp:term":[{"taxonomy":"product_brand","embeddable":true,"href":"https:\/\/promoalge.com.br\/index.php?rest_route=%2Fwp%2Fv2%2Fproduct_brand&post=11476"},{"taxonomy":"product_cat","embeddable":true,"href":"https:\/\/promoalge.com.br\/index.php?rest_route=%2Fwp%2Fv2%2Fproduct_cat&post=11476"},{"taxonomy":"product_tag","embeddable":true,"href":"https:\/\/promoalge.com.br\/index.php?rest_route=%2Fwp%2Fv2%2Fproduct_tag&post=11476"}],"curies":[{"name":"wp","href":"https:\/\/api.w.org\/{rel}","templated":true}]}}