{"id":11498,"date":"2025-10-30T15:03:50","date_gmt":"2025-10-30T18:03:50","guid":{"rendered":"https:\/\/promoalge.com.br\/?post_type=product&#038;p=11498"},"modified":"2025-10-30T15:03:50","modified_gmt":"2025-10-30T18:03:50","slug":"agenda-diaria-2026-pr-02469","status":"publish","type":"product","link":"https:\/\/promoalge.com.br\/?product=agenda-diaria-2026-pr-02469","title":{"rendered":"Agenda Di\u00e1ria 2026 &#8211; PR 02469"},"content":{"rendered":"","protected":false},"excerpt":{"rendered":"<p>Descri\u00e7\u00e3o: Agenda 2026 com capa dura em poliuretano (PU), marcador de p\u00e1ginas em cetim, porta-canetas e el\u00e1stico para fechamento. Possui p\u00e1ginas dedicadas a dados pessoais, calend\u00e1rios de 2026 a 2028, lista de contatos e tabelas de pesos e medidas.<\/p>\n<p>Largura :  14,3 cm<\/p>\n<p>Espessura :  2,5 cm<\/p>\n<p>Comprimento :  21 cm<\/p>\n<p>Quantidade minima de 50 unidades.<\/p>\n","protected":false},"featured_media":11499,"template":"","meta":[],"product_brand":[],"product_cat":[409],"product_tag":[],"class_list":{"0":"post-11498","1":"product","2":"type-product","3":"status-publish","4":"has-post-thumbnail","6":"product_cat-escritorio","8":"first","9":"instock","10":"shipping-taxable","11":"product-type-simple"},"_links":{"self":[{"href":"https:\/\/promoalge.com.br\/index.php?rest_route=\/wp\/v2\/product\/11498","targetHints":{"allow":["GET"]}}],"collection":[{"href":"https:\/\/promoalge.com.br\/index.php?rest_route=\/wp\/v2\/product"}],"about":[{"href":"https:\/\/promoalge.com.br\/index.php?rest_route=\/wp\/v2\/types\/product"}],"wp:featuredmedia":[{"embeddable":true,"href":"https:\/\/promoalge.com.br\/index.php?rest_route=\/wp\/v2\/media\/11499"}],"wp:attachment":[{"href":"https:\/\/promoalge.com.br\/index.php?rest_route=%2Fwp%2Fv2%2Fmedia&parent=11498"}],"wp:term":[{"taxonomy":"product_brand","embeddable":true,"href":"https:\/\/promoalge.com.br\/index.php?rest_route=%2Fwp%2Fv2%2Fproduct_brand&post=11498"},{"taxonomy":"product_cat","embeddable":true,"href":"https:\/\/promoalge.com.br\/index.php?rest_route=%2Fwp%2Fv2%2Fproduct_cat&post=11498"},{"taxonomy":"product_tag","embeddable":true,"href":"https:\/\/promoalge.com.br\/index.php?rest_route=%2Fwp%2Fv2%2Fproduct_tag&post=11498"}],"curies":[{"name":"wp","href":"https:\/\/api.w.org\/{rel}","templated":true}]}}