{"id":11504,"date":"2025-10-30T15:39:25","date_gmt":"2025-10-30T18:39:25","guid":{"rendered":"https:\/\/promoalge.com.br\/?post_type=product&#038;p=11504"},"modified":"2025-10-30T15:39:25","modified_gmt":"2025-10-30T18:39:25","slug":"porta-relogios-pr-07808","status":"publish","type":"product","link":"https:\/\/promoalge.com.br\/?product=porta-relogios-pr-07808","title":{"rendered":"Porta-Rel\u00f3gios &#8211; PR 07808"},"content":{"rendered":"","protected":false},"excerpt":{"rendered":"<p>Descri\u00e7\u00e3o: Porta-rel\u00f3gios com acabamento em couro sint\u00e9tico \u00e0 base de PVC. Possui revestimento interno em veludo e quatro compartimentos fixos com almofadas remov\u00edveis de espuma. Conta ainda com visor transparente em vidro e trava de seguran\u00e7a para o fechamento do estojo.<\/p>\n<p>Altura :  8 cm<\/p>\n<p>Profundidade :  10,7 cm<\/p>\n<p>Comprimento :  20,7 cm<\/p>\n<p>Quantidade minima de 50 unidades<\/p>\n","protected":false},"featured_media":11505,"template":"","meta":[],"product_brand":[],"product_cat":[416],"product_tag":[],"class_list":{"0":"post-11504","1":"product","2":"type-product","3":"status-publish","4":"has-post-thumbnail","6":"product_cat-necessaire","8":"first","9":"instock","10":"shipping-taxable","11":"product-type-simple"},"_links":{"self":[{"href":"https:\/\/promoalge.com.br\/index.php?rest_route=\/wp\/v2\/product\/11504","targetHints":{"allow":["GET"]}}],"collection":[{"href":"https:\/\/promoalge.com.br\/index.php?rest_route=\/wp\/v2\/product"}],"about":[{"href":"https:\/\/promoalge.com.br\/index.php?rest_route=\/wp\/v2\/types\/product"}],"wp:featuredmedia":[{"embeddable":true,"href":"https:\/\/promoalge.com.br\/index.php?rest_route=\/wp\/v2\/media\/11505"}],"wp:attachment":[{"href":"https:\/\/promoalge.com.br\/index.php?rest_route=%2Fwp%2Fv2%2Fmedia&parent=11504"}],"wp:term":[{"taxonomy":"product_brand","embeddable":true,"href":"https:\/\/promoalge.com.br\/index.php?rest_route=%2Fwp%2Fv2%2Fproduct_brand&post=11504"},{"taxonomy":"product_cat","embeddable":true,"href":"https:\/\/promoalge.com.br\/index.php?rest_route=%2Fwp%2Fv2%2Fproduct_cat&post=11504"},{"taxonomy":"product_tag","embeddable":true,"href":"https:\/\/promoalge.com.br\/index.php?rest_route=%2Fwp%2Fv2%2Fproduct_tag&post=11504"}],"curies":[{"name":"wp","href":"https:\/\/api.w.org\/{rel}","templated":true}]}}