{"id":11506,"date":"2025-10-30T15:47:59","date_gmt":"2025-10-30T18:47:59","guid":{"rendered":"https:\/\/promoalge.com.br\/?post_type=product&#038;p=11506"},"modified":"2025-10-30T15:47:59","modified_gmt":"2025-10-30T18:47:59","slug":"porta-relogios-pr-07812","status":"publish","type":"product","link":"https:\/\/promoalge.com.br\/?product=porta-relogios-pr-07812","title":{"rendered":"Porta-Rel\u00f3gios &#8211; PR 07812"},"content":{"rendered":"","protected":false},"excerpt":{"rendered":"<p>Descri\u00e7\u00e3o: Porta-rel\u00f3gios com acabamento em couro sint\u00e9tico \u00e0 base de PVC e revestimento interno em veludo. Conta com 10 compartimentos fixos com almofadas remov\u00edveis em espuma, al\u00e9m de visor de vidro e trava de seguran\u00e7a para o fechamento do estojo.<\/p>\n<p>Altura :  8 cm<\/p>\n<p>Profundidade :  20,2 cm<\/p>\n<p>Comprimento :  25,3 cm<\/p>\n<p>Quantidade minima de 50 unidades.<\/p>\n","protected":false},"featured_media":11507,"template":"","meta":[],"product_brand":[],"product_cat":[353],"product_tag":[],"class_list":{"0":"post-11506","1":"product","2":"type-product","3":"status-publish","4":"has-post-thumbnail","6":"product_cat-diversos","8":"first","9":"instock","10":"shipping-taxable","11":"product-type-simple"},"_links":{"self":[{"href":"https:\/\/promoalge.com.br\/index.php?rest_route=\/wp\/v2\/product\/11506","targetHints":{"allow":["GET"]}}],"collection":[{"href":"https:\/\/promoalge.com.br\/index.php?rest_route=\/wp\/v2\/product"}],"about":[{"href":"https:\/\/promoalge.com.br\/index.php?rest_route=\/wp\/v2\/types\/product"}],"wp:featuredmedia":[{"embeddable":true,"href":"https:\/\/promoalge.com.br\/index.php?rest_route=\/wp\/v2\/media\/11507"}],"wp:attachment":[{"href":"https:\/\/promoalge.com.br\/index.php?rest_route=%2Fwp%2Fv2%2Fmedia&parent=11506"}],"wp:term":[{"taxonomy":"product_brand","embeddable":true,"href":"https:\/\/promoalge.com.br\/index.php?rest_route=%2Fwp%2Fv2%2Fproduct_brand&post=11506"},{"taxonomy":"product_cat","embeddable":true,"href":"https:\/\/promoalge.com.br\/index.php?rest_route=%2Fwp%2Fv2%2Fproduct_cat&post=11506"},{"taxonomy":"product_tag","embeddable":true,"href":"https:\/\/promoalge.com.br\/index.php?rest_route=%2Fwp%2Fv2%2Fproduct_tag&post=11506"}],"curies":[{"name":"wp","href":"https:\/\/api.w.org\/{rel}","templated":true}]}}