{"id":11512,"date":"2025-10-30T16:13:33","date_gmt":"2025-10-30T19:13:33","guid":{"rendered":"https:\/\/promoalge.com.br\/?post_type=product&#038;p=11512"},"modified":"2025-10-30T16:13:33","modified_gmt":"2025-10-30T19:13:33","slug":"mochila-couro-sintetico-18-litros-pr-08297","status":"publish","type":"product","link":"https:\/\/promoalge.com.br\/?product=mochila-couro-sintetico-18-litros-pr-08297","title":{"rendered":"Mochila Couro Sint\u00e9tico 18 Litros &#8211; PR 08297"},"content":{"rendered":"","protected":false},"excerpt":{"rendered":"<p>Descri\u00e7\u00e3o: Mochila confeccionada em couro sint\u00e9tico com capacidade m\u00e1xima de 18 litros. Possui abertura com z\u00edper, tiras frontais em velcro e engate r\u00e1pido. Apresenta divis\u00f3ria interna para notebook de at\u00e9 15,6 polegadas, al\u00e9m de dois bolsos laterais e dois frontais, sendo um com fechamento em z\u00edper pr\u00f3ximo \u00e0 abertura. Conta ainda com al\u00e7as ajust\u00e1veis, costas acolchoadas em espuma respir\u00e1vel e engate traseiro para malas.<\/p>\n<p>Altura :  43,5 cm<\/p>\n<p>Largura :  30 cm<\/p>\n<p>Profundidade :  15 cm<\/p>\n<p>Quantidade minima de 50 unidades.<\/p>\n","protected":false},"featured_media":11513,"template":"","meta":[],"product_brand":[],"product_cat":[346],"product_tag":[],"class_list":{"0":"post-11512","1":"product","2":"type-product","3":"status-publish","4":"has-post-thumbnail","6":"product_cat-canetas-metalicas","8":"first","9":"instock","10":"shipping-taxable","11":"product-type-simple"},"_links":{"self":[{"href":"https:\/\/promoalge.com.br\/index.php?rest_route=\/wp\/v2\/product\/11512","targetHints":{"allow":["GET"]}}],"collection":[{"href":"https:\/\/promoalge.com.br\/index.php?rest_route=\/wp\/v2\/product"}],"about":[{"href":"https:\/\/promoalge.com.br\/index.php?rest_route=\/wp\/v2\/types\/product"}],"wp:featuredmedia":[{"embeddable":true,"href":"https:\/\/promoalge.com.br\/index.php?rest_route=\/wp\/v2\/media\/11513"}],"wp:attachment":[{"href":"https:\/\/promoalge.com.br\/index.php?rest_route=%2Fwp%2Fv2%2Fmedia&parent=11512"}],"wp:term":[{"taxonomy":"product_brand","embeddable":true,"href":"https:\/\/promoalge.com.br\/index.php?rest_route=%2Fwp%2Fv2%2Fproduct_brand&post=11512"},{"taxonomy":"product_cat","embeddable":true,"href":"https:\/\/promoalge.com.br\/index.php?rest_route=%2Fwp%2Fv2%2Fproduct_cat&post=11512"},{"taxonomy":"product_tag","embeddable":true,"href":"https:\/\/promoalge.com.br\/index.php?rest_route=%2Fwp%2Fv2%2Fproduct_tag&post=11512"}],"curies":[{"name":"wp","href":"https:\/\/api.w.org\/{rel}","templated":true}]}}