{"id":11522,"date":"2025-11-04T13:41:23","date_gmt":"2025-11-04T16:41:23","guid":{"rendered":"https:\/\/promoalge.com.br\/?post_type=product&#038;p=11522"},"modified":"2025-11-04T13:41:23","modified_gmt":"2025-11-04T16:41:23","slug":"chaveiro-metal-com-mosquetao-pr-08336","status":"publish","type":"product","link":"https:\/\/promoalge.com.br\/?product=chaveiro-metal-com-mosquetao-pr-08336","title":{"rendered":"Chaveiro Metal com Mosquet\u00e3o &#8211; PR 08336"},"content":{"rendered":"","protected":false},"excerpt":{"rendered":"<p>Descri\u00e7\u00e3o: Chaveiro em metal com tira em couro sint\u00e9tico. Possui mosquet\u00e3o e pode ser utilizado como um abridor de garrafas.<\/p>\n<p>Altura :  10,1 cm<\/p>\n<p>Largura :  3,2 cm<\/p>\n<p>Espessura :  0,7 cm<\/p>\n<p>Quantidade minima de 50 unidades.<\/p>\n","protected":false},"featured_media":11523,"template":"","meta":[],"product_brand":[],"product_cat":[406],"product_tag":[],"class_list":{"0":"post-11522","1":"product","2":"type-product","3":"status-publish","4":"has-post-thumbnail","6":"product_cat-chaveiros","8":"first","9":"instock","10":"shipping-taxable","11":"product-type-simple"},"_links":{"self":[{"href":"https:\/\/promoalge.com.br\/index.php?rest_route=\/wp\/v2\/product\/11522","targetHints":{"allow":["GET"]}}],"collection":[{"href":"https:\/\/promoalge.com.br\/index.php?rest_route=\/wp\/v2\/product"}],"about":[{"href":"https:\/\/promoalge.com.br\/index.php?rest_route=\/wp\/v2\/types\/product"}],"wp:featuredmedia":[{"embeddable":true,"href":"https:\/\/promoalge.com.br\/index.php?rest_route=\/wp\/v2\/media\/11523"}],"wp:attachment":[{"href":"https:\/\/promoalge.com.br\/index.php?rest_route=%2Fwp%2Fv2%2Fmedia&parent=11522"}],"wp:term":[{"taxonomy":"product_brand","embeddable":true,"href":"https:\/\/promoalge.com.br\/index.php?rest_route=%2Fwp%2Fv2%2Fproduct_brand&post=11522"},{"taxonomy":"product_cat","embeddable":true,"href":"https:\/\/promoalge.com.br\/index.php?rest_route=%2Fwp%2Fv2%2Fproduct_cat&post=11522"},{"taxonomy":"product_tag","embeddable":true,"href":"https:\/\/promoalge.com.br\/index.php?rest_route=%2Fwp%2Fv2%2Fproduct_tag&post=11522"}],"curies":[{"name":"wp","href":"https:\/\/api.w.org\/{rel}","templated":true}]}}