{"id":11526,"date":"2025-11-04T13:49:25","date_gmt":"2025-11-04T16:49:25","guid":{"rendered":"https:\/\/promoalge.com.br\/?post_type=product&#038;p=11526"},"modified":"2025-11-04T13:49:25","modified_gmt":"2025-11-04T16:49:25","slug":"guarda-chuva-automatico-pr-08338","status":"publish","type":"product","link":"https:\/\/promoalge.com.br\/?product=guarda-chuva-automatico-pr-08338","title":{"rendered":"Guarda-Chuva Autom\u00e1tico &#8211; PR 08338"},"content":{"rendered":"","protected":false},"excerpt":{"rendered":"<p>Descri\u00e7\u00e3o: Guarda-chuva em poli\u00e9ster com abertura autom\u00e1tica, estrutura met\u00e1lica com oito varetas e pegador em pl\u00e1stico com al\u00e7a de nylon fixa na extremidade.<\/p>\n<p>Altura :  83 cm<\/p>\n<p>Largura :  4,5 cm<\/p>\n<p>Quantidade minima de 50 unidades.<\/p>\n","protected":false},"featured_media":11527,"template":"","meta":[],"product_brand":[],"product_cat":[353],"product_tag":[],"class_list":{"0":"post-11526","1":"product","2":"type-product","3":"status-publish","4":"has-post-thumbnail","6":"product_cat-diversos","8":"first","9":"instock","10":"shipping-taxable","11":"product-type-simple"},"_links":{"self":[{"href":"https:\/\/promoalge.com.br\/index.php?rest_route=\/wp\/v2\/product\/11526","targetHints":{"allow":["GET"]}}],"collection":[{"href":"https:\/\/promoalge.com.br\/index.php?rest_route=\/wp\/v2\/product"}],"about":[{"href":"https:\/\/promoalge.com.br\/index.php?rest_route=\/wp\/v2\/types\/product"}],"wp:featuredmedia":[{"embeddable":true,"href":"https:\/\/promoalge.com.br\/index.php?rest_route=\/wp\/v2\/media\/11527"}],"wp:attachment":[{"href":"https:\/\/promoalge.com.br\/index.php?rest_route=%2Fwp%2Fv2%2Fmedia&parent=11526"}],"wp:term":[{"taxonomy":"product_brand","embeddable":true,"href":"https:\/\/promoalge.com.br\/index.php?rest_route=%2Fwp%2Fv2%2Fproduct_brand&post=11526"},{"taxonomy":"product_cat","embeddable":true,"href":"https:\/\/promoalge.com.br\/index.php?rest_route=%2Fwp%2Fv2%2Fproduct_cat&post=11526"},{"taxonomy":"product_tag","embeddable":true,"href":"https:\/\/promoalge.com.br\/index.php?rest_route=%2Fwp%2Fv2%2Fproduct_tag&post=11526"}],"curies":[{"name":"wp","href":"https:\/\/api.w.org\/{rel}","templated":true}]}}