{"id":11528,"date":"2025-11-04T13:51:01","date_gmt":"2025-11-04T16:51:01","guid":{"rendered":"https:\/\/promoalge.com.br\/?post_type=product&#038;p=11528"},"modified":"2025-11-04T13:51:01","modified_gmt":"2025-11-04T16:51:01","slug":"copo-termico-600ml-pr-08340","status":"publish","type":"product","link":"https:\/\/promoalge.com.br\/?product=copo-termico-600ml-pr-08340","title":{"rendered":"Copo T\u00e9rmico 600ml &#8211; PR 08340"},"content":{"rendered":"","protected":false},"excerpt":{"rendered":"<p>Descri\u00e7\u00e3o: Copo t\u00e9rmico em inox com pintura eletrost\u00e1tica e capacidade m\u00e1xima de 600ml. Conta com estrutura de parede dupla e veda\u00e7\u00e3o a v\u00e1cuo que permite a conserva\u00e7\u00e3o da temperatura de l\u00edquidos por mais tempo. Possui tampa pl\u00e1stica rosque\u00e1vel com protetor para o bocal, bico flip, canudo interno remov\u00edvel e al\u00e7a fixa para transporte.<\/p>\n<p>Altura :  19,2 cm<\/p>\n<p>Largura :  10,3 cm<\/p>\n<p>Circunfer\u00eancia :  27,9 cm<\/p>\n<p>Quantidade minima de 50 unidades.<\/p>\n","protected":false},"featured_media":11529,"template":"","meta":[],"product_brand":[],"product_cat":[237],"product_tag":[],"class_list":{"0":"post-11528","1":"product","2":"type-product","3":"status-publish","4":"has-post-thumbnail","6":"product_cat-metalicas","8":"first","9":"instock","10":"shipping-taxable","11":"product-type-simple"},"_links":{"self":[{"href":"https:\/\/promoalge.com.br\/index.php?rest_route=\/wp\/v2\/product\/11528","targetHints":{"allow":["GET"]}}],"collection":[{"href":"https:\/\/promoalge.com.br\/index.php?rest_route=\/wp\/v2\/product"}],"about":[{"href":"https:\/\/promoalge.com.br\/index.php?rest_route=\/wp\/v2\/types\/product"}],"wp:featuredmedia":[{"embeddable":true,"href":"https:\/\/promoalge.com.br\/index.php?rest_route=\/wp\/v2\/media\/11529"}],"wp:attachment":[{"href":"https:\/\/promoalge.com.br\/index.php?rest_route=%2Fwp%2Fv2%2Fmedia&parent=11528"}],"wp:term":[{"taxonomy":"product_brand","embeddable":true,"href":"https:\/\/promoalge.com.br\/index.php?rest_route=%2Fwp%2Fv2%2Fproduct_brand&post=11528"},{"taxonomy":"product_cat","embeddable":true,"href":"https:\/\/promoalge.com.br\/index.php?rest_route=%2Fwp%2Fv2%2Fproduct_cat&post=11528"},{"taxonomy":"product_tag","embeddable":true,"href":"https:\/\/promoalge.com.br\/index.php?rest_route=%2Fwp%2Fv2%2Fproduct_tag&post=11528"}],"curies":[{"name":"wp","href":"https:\/\/api.w.org\/{rel}","templated":true}]}}