{"id":1153,"date":"2018-08-20T13:32:42","date_gmt":"2018-08-20T16:32:42","guid":{"rendered":"http:\/\/promoalge.com.br\/?post_type=product&#038;p=1153"},"modified":"2018-08-20T13:32:42","modified_gmt":"2018-08-20T16:32:42","slug":"chaveiro-metalico-coracao-pr1447","status":"publish","type":"product","link":"https:\/\/promoalge.com.br\/?product=chaveiro-metalico-coracao-pr1447","title":{"rendered":"Chaveiro Met\u00e1lico Cora\u00e7\u00e3o &#8211; PR1447"},"content":{"rendered":"","protected":false},"excerpt":{"rendered":"<p>Chaveiro de metal formato cora\u00e7\u00e3o, possui chapa central em inox e verso brilhante liso, medidas 6,6 cm x 3,1 cm.  Grava\u00e7\u00e3o a laser.<\/p>\n","protected":false},"featured_media":1154,"template":"","meta":[],"product_brand":[],"product_cat":[406],"product_tag":[],"class_list":{"0":"post-1153","1":"product","2":"type-product","3":"status-publish","4":"has-post-thumbnail","6":"product_cat-chaveiros","8":"first","9":"instock","10":"shipping-taxable","11":"product-type-simple"},"_links":{"self":[{"href":"https:\/\/promoalge.com.br\/index.php?rest_route=\/wp\/v2\/product\/1153","targetHints":{"allow":["GET"]}}],"collection":[{"href":"https:\/\/promoalge.com.br\/index.php?rest_route=\/wp\/v2\/product"}],"about":[{"href":"https:\/\/promoalge.com.br\/index.php?rest_route=\/wp\/v2\/types\/product"}],"wp:featuredmedia":[{"embeddable":true,"href":"https:\/\/promoalge.com.br\/index.php?rest_route=\/wp\/v2\/media\/1154"}],"wp:attachment":[{"href":"https:\/\/promoalge.com.br\/index.php?rest_route=%2Fwp%2Fv2%2Fmedia&parent=1153"}],"wp:term":[{"taxonomy":"product_brand","embeddable":true,"href":"https:\/\/promoalge.com.br\/index.php?rest_route=%2Fwp%2Fv2%2Fproduct_brand&post=1153"},{"taxonomy":"product_cat","embeddable":true,"href":"https:\/\/promoalge.com.br\/index.php?rest_route=%2Fwp%2Fv2%2Fproduct_cat&post=1153"},{"taxonomy":"product_tag","embeddable":true,"href":"https:\/\/promoalge.com.br\/index.php?rest_route=%2Fwp%2Fv2%2Fproduct_tag&post=1153"}],"curies":[{"name":"wp","href":"https:\/\/api.w.org\/{rel}","templated":true}]}}