{"id":11532,"date":"2025-11-04T13:54:02","date_gmt":"2025-11-04T16:54:02","guid":{"rendered":"https:\/\/promoalge.com.br\/?post_type=product&#038;p=11532"},"modified":"2025-11-04T13:54:02","modified_gmt":"2025-11-04T16:54:02","slug":"mochila-couro-sintetico-23l-pr-08342","status":"publish","type":"product","link":"https:\/\/promoalge.com.br\/?product=mochila-couro-sintetico-23l-pr-08342","title":{"rendered":"Mochila Couro Sint\u00e9tico 23L &#8211; PR 08342"},"content":{"rendered":"","protected":false},"excerpt":{"rendered":"<p>Descri\u00e7\u00e3o: Mochila confeccionada em filme sint\u00e9tico tipo couro imperme\u00e1vel com fechamento em z\u00edper e capacidade de at\u00e9 23 litros. Apresenta compartimento interno com divis\u00f3ria para notebooks de at\u00e9 15,3 polegadas. Possui tr\u00eas compartimentos externos em tamanhos variados, bolso lateral aberto e tecido respir\u00e1vel aplicado na \u00e1rea das costas e nas al\u00e7as.<\/p>\n<p>Altura :  43 cm<\/p>\n<p>Largura :  29 cm<\/p>\n<p>Profundidade :  13,5 cm<\/p>\n<p>Quantidade minima de 50 unidades.<\/p>\n","protected":false},"featured_media":11533,"template":"","meta":[],"product_brand":[],"product_cat":[79,408],"product_tag":[],"class_list":{"0":"post-11532","1":"product","2":"type-product","3":"status-publish","4":"has-post-thumbnail","6":"product_cat-bolsas-mochilas","7":"product_cat-couro","9":"first","10":"instock","11":"shipping-taxable","12":"product-type-simple"},"_links":{"self":[{"href":"https:\/\/promoalge.com.br\/index.php?rest_route=\/wp\/v2\/product\/11532","targetHints":{"allow":["GET"]}}],"collection":[{"href":"https:\/\/promoalge.com.br\/index.php?rest_route=\/wp\/v2\/product"}],"about":[{"href":"https:\/\/promoalge.com.br\/index.php?rest_route=\/wp\/v2\/types\/product"}],"wp:featuredmedia":[{"embeddable":true,"href":"https:\/\/promoalge.com.br\/index.php?rest_route=\/wp\/v2\/media\/11533"}],"wp:attachment":[{"href":"https:\/\/promoalge.com.br\/index.php?rest_route=%2Fwp%2Fv2%2Fmedia&parent=11532"}],"wp:term":[{"taxonomy":"product_brand","embeddable":true,"href":"https:\/\/promoalge.com.br\/index.php?rest_route=%2Fwp%2Fv2%2Fproduct_brand&post=11532"},{"taxonomy":"product_cat","embeddable":true,"href":"https:\/\/promoalge.com.br\/index.php?rest_route=%2Fwp%2Fv2%2Fproduct_cat&post=11532"},{"taxonomy":"product_tag","embeddable":true,"href":"https:\/\/promoalge.com.br\/index.php?rest_route=%2Fwp%2Fv2%2Fproduct_tag&post=11532"}],"curies":[{"name":"wp","href":"https:\/\/api.w.org\/{rel}","templated":true}]}}