{"id":11534,"date":"2025-11-04T13:55:30","date_gmt":"2025-11-04T16:55:30","guid":{"rendered":"https:\/\/promoalge.com.br\/?post_type=product&#038;p=11534"},"modified":"2025-11-04T13:55:30","modified_gmt":"2025-11-04T16:55:30","slug":"mochila-couro-sintetico-16l-pr-08346","status":"publish","type":"product","link":"https:\/\/promoalge.com.br\/?product=mochila-couro-sintetico-16l-pr-08346","title":{"rendered":"Mochila Couro Sint\u00e9tico 16L &#8211; PR 08346"},"content":{"rendered":"","protected":false},"excerpt":{"rendered":"<p>Descri\u00e7\u00e3o: Mochila em couro sint\u00e9tico imperme\u00e1vel com capacidade de at\u00e9 16 litros. Apresenta compartimento interno com bolso para notebooks de at\u00e9 13 polegadas. Possui duas al\u00e7as para as costas, al\u00e7a de m\u00e3o e engate posterior para mala de viagem.<\/p>\n<p>Altura :  36,5 cm<\/p>\n<p>Largura :  30 cm<\/p>\n<p>Profundidade :  11 cm<\/p>\n<p>Quantidade minima de 50 unidades.<\/p>\n","protected":false},"featured_media":11535,"template":"","meta":[],"product_brand":[],"product_cat":[79,408],"product_tag":[],"class_list":{"0":"post-11534","1":"product","2":"type-product","3":"status-publish","4":"has-post-thumbnail","6":"product_cat-bolsas-mochilas","7":"product_cat-couro","9":"first","10":"instock","11":"shipping-taxable","12":"product-type-simple"},"_links":{"self":[{"href":"https:\/\/promoalge.com.br\/index.php?rest_route=\/wp\/v2\/product\/11534","targetHints":{"allow":["GET"]}}],"collection":[{"href":"https:\/\/promoalge.com.br\/index.php?rest_route=\/wp\/v2\/product"}],"about":[{"href":"https:\/\/promoalge.com.br\/index.php?rest_route=\/wp\/v2\/types\/product"}],"wp:featuredmedia":[{"embeddable":true,"href":"https:\/\/promoalge.com.br\/index.php?rest_route=\/wp\/v2\/media\/11535"}],"wp:attachment":[{"href":"https:\/\/promoalge.com.br\/index.php?rest_route=%2Fwp%2Fv2%2Fmedia&parent=11534"}],"wp:term":[{"taxonomy":"product_brand","embeddable":true,"href":"https:\/\/promoalge.com.br\/index.php?rest_route=%2Fwp%2Fv2%2Fproduct_brand&post=11534"},{"taxonomy":"product_cat","embeddable":true,"href":"https:\/\/promoalge.com.br\/index.php?rest_route=%2Fwp%2Fv2%2Fproduct_cat&post=11534"},{"taxonomy":"product_tag","embeddable":true,"href":"https:\/\/promoalge.com.br\/index.php?rest_route=%2Fwp%2Fv2%2Fproduct_tag&post=11534"}],"curies":[{"name":"wp","href":"https:\/\/api.w.org\/{rel}","templated":true}]}}