{"id":11546,"date":"2025-11-04T14:41:22","date_gmt":"2025-11-04T17:41:22","guid":{"rendered":"https:\/\/promoalge.com.br\/?post_type=product&#038;p=11546"},"modified":"2025-11-04T14:41:23","modified_gmt":"2025-11-04T17:41:23","slug":"agenda-diaria-2026-linho-pr-09060-2","status":"publish","type":"product","link":"https:\/\/promoalge.com.br\/?product=agenda-diaria-2026-linho-pr-09060-2","title":{"rendered":"Agenda Di\u00e1ria 2026 Linho &#8211; PR 09060"},"content":{"rendered":"","protected":false},"excerpt":{"rendered":"<p>Descri\u00e7\u00e3o: Agenda di\u00e1ria 2026 com capa em linho com detalhe em metal, marca-p\u00e1ginas feito em cetim, porta-canetas lateral e fechamento em el\u00e1stico. Possui p\u00e1ginas para planejamento mensal, calend\u00e1rios de 2026 a 2028, al\u00e9m de listas de convers\u00e3o de pesos e medidas, contatos e c\u00f3digos DDI.<\/p>\n<p>Altura :  21 cm<\/p>\n<p>Largura :  14,5 cm<\/p>\n<p>Espessura :  2 cm<\/p>\n<p>Quantidade minima de 50 unidades.<\/p>\n","protected":false},"featured_media":11547,"template":"","meta":[],"product_brand":[],"product_cat":[409],"product_tag":[],"class_list":{"0":"post-11546","1":"product","2":"type-product","3":"status-publish","4":"has-post-thumbnail","6":"product_cat-escritorio","8":"first","9":"instock","10":"shipping-taxable","11":"product-type-simple"},"_links":{"self":[{"href":"https:\/\/promoalge.com.br\/index.php?rest_route=\/wp\/v2\/product\/11546","targetHints":{"allow":["GET"]}}],"collection":[{"href":"https:\/\/promoalge.com.br\/index.php?rest_route=\/wp\/v2\/product"}],"about":[{"href":"https:\/\/promoalge.com.br\/index.php?rest_route=\/wp\/v2\/types\/product"}],"wp:featuredmedia":[{"embeddable":true,"href":"https:\/\/promoalge.com.br\/index.php?rest_route=\/wp\/v2\/media\/11547"}],"wp:attachment":[{"href":"https:\/\/promoalge.com.br\/index.php?rest_route=%2Fwp%2Fv2%2Fmedia&parent=11546"}],"wp:term":[{"taxonomy":"product_brand","embeddable":true,"href":"https:\/\/promoalge.com.br\/index.php?rest_route=%2Fwp%2Fv2%2Fproduct_brand&post=11546"},{"taxonomy":"product_cat","embeddable":true,"href":"https:\/\/promoalge.com.br\/index.php?rest_route=%2Fwp%2Fv2%2Fproduct_cat&post=11546"},{"taxonomy":"product_tag","embeddable":true,"href":"https:\/\/promoalge.com.br\/index.php?rest_route=%2Fwp%2Fv2%2Fproduct_tag&post=11546"}],"curies":[{"name":"wp","href":"https:\/\/api.w.org\/{rel}","templated":true}]}}