{"id":11561,"date":"2025-11-04T15:07:40","date_gmt":"2025-11-04T18:07:40","guid":{"rendered":"https:\/\/promoalge.com.br\/?post_type=product&#038;p=11561"},"modified":"2025-11-04T15:07:40","modified_gmt":"2025-11-04T18:07:40","slug":"porta-joias-com-espelho-pr-09117","status":"publish","type":"product","link":"https:\/\/promoalge.com.br\/?product=porta-joias-com-espelho-pr-09117","title":{"rendered":"Porta-Joias com Espelho &#8211; PR 09117"},"content":{"rendered":"","protected":false},"excerpt":{"rendered":"<p>Descri\u00e7\u00e3o: Porta-joias em poliuretano (PU) e revestimento interno em tecido aveludado. Conta com espelho interno, duas divis\u00f3rias, reparti\u00e7\u00e3o almofadada com ranhuras e trava de seguran\u00e7a.<\/p>\n<p>Altura :  5 cm<\/p>\n<p>Largura :  10 cm<\/p>\n<p>Comprimento :  15 cm<\/p>\n<p>Quantidade minima de 50 unidades.<\/p>\n","protected":false},"featured_media":11562,"template":"","meta":[],"product_brand":[],"product_cat":[353],"product_tag":[],"class_list":{"0":"post-11561","1":"product","2":"type-product","3":"status-publish","4":"has-post-thumbnail","6":"product_cat-diversos","8":"first","9":"instock","10":"shipping-taxable","11":"product-type-simple"},"_links":{"self":[{"href":"https:\/\/promoalge.com.br\/index.php?rest_route=\/wp\/v2\/product\/11561","targetHints":{"allow":["GET"]}}],"collection":[{"href":"https:\/\/promoalge.com.br\/index.php?rest_route=\/wp\/v2\/product"}],"about":[{"href":"https:\/\/promoalge.com.br\/index.php?rest_route=\/wp\/v2\/types\/product"}],"wp:featuredmedia":[{"embeddable":true,"href":"https:\/\/promoalge.com.br\/index.php?rest_route=\/wp\/v2\/media\/11562"}],"wp:attachment":[{"href":"https:\/\/promoalge.com.br\/index.php?rest_route=%2Fwp%2Fv2%2Fmedia&parent=11561"}],"wp:term":[{"taxonomy":"product_brand","embeddable":true,"href":"https:\/\/promoalge.com.br\/index.php?rest_route=%2Fwp%2Fv2%2Fproduct_brand&post=11561"},{"taxonomy":"product_cat","embeddable":true,"href":"https:\/\/promoalge.com.br\/index.php?rest_route=%2Fwp%2Fv2%2Fproduct_cat&post=11561"},{"taxonomy":"product_tag","embeddable":true,"href":"https:\/\/promoalge.com.br\/index.php?rest_route=%2Fwp%2Fv2%2Fproduct_tag&post=11561"}],"curies":[{"name":"wp","href":"https:\/\/api.w.org\/{rel}","templated":true}]}}