{"id":11563,"date":"2025-11-04T15:10:16","date_gmt":"2025-11-04T18:10:16","guid":{"rendered":"https:\/\/promoalge.com.br\/?post_type=product&#038;p=11563"},"modified":"2025-11-04T15:10:16","modified_gmt":"2025-11-04T18:10:16","slug":"tigela-para-pet-retratil-350ml-pr-09124","status":"publish","type":"product","link":"https:\/\/promoalge.com.br\/?product=tigela-para-pet-retratil-350ml-pr-09124","title":{"rendered":"Tigela para Pet Retr\u00e1til 350ml &#8211; PR 09124"},"content":{"rendered":"","protected":false},"excerpt":{"rendered":"<p>Descri\u00e7\u00e3o: Tigela retr\u00e1til para pets feita em silicone com borda pl\u00e1stica equipada com encaixe para mosquet\u00e3o e capacidade de at\u00e9 350ml. Acompanha mosquet\u00e3o met\u00e1lico para facilitar o transporte.<\/p>\n<p>Altura :  4,8 cm<\/p>\n<p>Largura :  14,1 cm<\/p>\n<p>Espessura :  fechada:1,3 cm<\/p>\n<p>Quantidade minima de 50 unidades.<\/p>\n","protected":false},"featured_media":11564,"template":"","meta":[],"product_brand":[],"product_cat":[353],"product_tag":[],"class_list":{"0":"post-11563","1":"product","2":"type-product","3":"status-publish","4":"has-post-thumbnail","6":"product_cat-diversos","8":"first","9":"instock","10":"shipping-taxable","11":"product-type-simple"},"_links":{"self":[{"href":"https:\/\/promoalge.com.br\/index.php?rest_route=\/wp\/v2\/product\/11563","targetHints":{"allow":["GET"]}}],"collection":[{"href":"https:\/\/promoalge.com.br\/index.php?rest_route=\/wp\/v2\/product"}],"about":[{"href":"https:\/\/promoalge.com.br\/index.php?rest_route=\/wp\/v2\/types\/product"}],"wp:featuredmedia":[{"embeddable":true,"href":"https:\/\/promoalge.com.br\/index.php?rest_route=\/wp\/v2\/media\/11564"}],"wp:attachment":[{"href":"https:\/\/promoalge.com.br\/index.php?rest_route=%2Fwp%2Fv2%2Fmedia&parent=11563"}],"wp:term":[{"taxonomy":"product_brand","embeddable":true,"href":"https:\/\/promoalge.com.br\/index.php?rest_route=%2Fwp%2Fv2%2Fproduct_brand&post=11563"},{"taxonomy":"product_cat","embeddable":true,"href":"https:\/\/promoalge.com.br\/index.php?rest_route=%2Fwp%2Fv2%2Fproduct_cat&post=11563"},{"taxonomy":"product_tag","embeddable":true,"href":"https:\/\/promoalge.com.br\/index.php?rest_route=%2Fwp%2Fv2%2Fproduct_tag&post=11563"}],"curies":[{"name":"wp","href":"https:\/\/api.w.org\/{rel}","templated":true}]}}