{"id":11567,"date":"2025-11-04T15:21:02","date_gmt":"2025-11-04T18:21:02","guid":{"rendered":"https:\/\/promoalge.com.br\/?post_type=product&#038;p=11567"},"modified":"2025-11-04T15:21:02","modified_gmt":"2025-11-04T18:21:02","slug":"mini-ventilador-recarregavel-pr-09146","status":"publish","type":"product","link":"https:\/\/promoalge.com.br\/?product=mini-ventilador-recarregavel-pr-09146","title":{"rendered":"Mini Ventilador Recarreg\u00e1vel &#8211; PR 09146"},"content":{"rendered":"","protected":false},"excerpt":{"rendered":"<p>Descri\u00e7\u00e3o: Mini ventilador recarreg\u00e1vel em pl\u00e1stico e metal. Possui controle de velocidade ajustado por bot\u00f5es frontais, acionamento por chave seletora e painel de LED que exibe n\u00edveis de velocidade e carga da bateria. Acompanha cabo USB-C e cord\u00e3o em nylon.<\/p>\n<p>Altura :  15,9 cm<\/p>\n<p>Largura :  5,5 cm<\/p>\n<p>Espessura :  5,5 cm<\/p>\n<p>Quantidade minima de 50 unidades.<\/p>\n","protected":false},"featured_media":11568,"template":"","meta":[],"product_brand":[],"product_cat":[353,417],"product_tag":[],"class_list":{"0":"post-11567","1":"product","2":"type-product","3":"status-publish","4":"has-post-thumbnail","6":"product_cat-diversos","7":"product_cat-pendrive-tecnologia","9":"first","10":"instock","11":"shipping-taxable","12":"product-type-simple"},"_links":{"self":[{"href":"https:\/\/promoalge.com.br\/index.php?rest_route=\/wp\/v2\/product\/11567","targetHints":{"allow":["GET"]}}],"collection":[{"href":"https:\/\/promoalge.com.br\/index.php?rest_route=\/wp\/v2\/product"}],"about":[{"href":"https:\/\/promoalge.com.br\/index.php?rest_route=\/wp\/v2\/types\/product"}],"wp:featuredmedia":[{"embeddable":true,"href":"https:\/\/promoalge.com.br\/index.php?rest_route=\/wp\/v2\/media\/11568"}],"wp:attachment":[{"href":"https:\/\/promoalge.com.br\/index.php?rest_route=%2Fwp%2Fv2%2Fmedia&parent=11567"}],"wp:term":[{"taxonomy":"product_brand","embeddable":true,"href":"https:\/\/promoalge.com.br\/index.php?rest_route=%2Fwp%2Fv2%2Fproduct_brand&post=11567"},{"taxonomy":"product_cat","embeddable":true,"href":"https:\/\/promoalge.com.br\/index.php?rest_route=%2Fwp%2Fv2%2Fproduct_cat&post=11567"},{"taxonomy":"product_tag","embeddable":true,"href":"https:\/\/promoalge.com.br\/index.php?rest_route=%2Fwp%2Fv2%2Fproduct_tag&post=11567"}],"curies":[{"name":"wp","href":"https:\/\/api.w.org\/{rel}","templated":true}]}}