{"id":11569,"date":"2025-11-04T15:24:49","date_gmt":"2025-11-04T18:24:49","guid":{"rendered":"https:\/\/promoalge.com.br\/?post_type=product&#038;p=11569"},"modified":"2025-11-04T15:24:49","modified_gmt":"2025-11-04T18:24:49","slug":"kit-saquinho-coletor-pr-14382b","status":"publish","type":"product","link":"https:\/\/promoalge.com.br\/?product=kit-saquinho-coletor-pr-14382b","title":{"rendered":"Kit Saquinho Coletor &#8211; PR 14382B"},"content":{"rendered":"","protected":false},"excerpt":{"rendered":"<p>Descri\u00e7\u00e3o: Kit de saquinhos coletores em formato de osso. Feito em pl\u00e1stico, possui abertura rosque\u00e1vel que permite encaixar o refil, al\u00e9m de espa\u00e7o para a retirada dos saquinhos. Acompanha mosquet\u00e3o de pl\u00e1stico e refil de saquinhos.<\/p>\n<p>Altura :  9 cm<\/p>\n<p>Largura :  8,3 cm<\/p>\n<p>Espessura :  4 cm<\/p>\n<p>Quantidade minima de 50 unidades.<\/p>\n","protected":false},"featured_media":11570,"template":"","meta":[],"product_brand":[],"product_cat":[353],"product_tag":[],"class_list":{"0":"post-11569","1":"product","2":"type-product","3":"status-publish","4":"has-post-thumbnail","6":"product_cat-diversos","8":"first","9":"instock","10":"shipping-taxable","11":"product-type-simple"},"_links":{"self":[{"href":"https:\/\/promoalge.com.br\/index.php?rest_route=\/wp\/v2\/product\/11569","targetHints":{"allow":["GET"]}}],"collection":[{"href":"https:\/\/promoalge.com.br\/index.php?rest_route=\/wp\/v2\/product"}],"about":[{"href":"https:\/\/promoalge.com.br\/index.php?rest_route=\/wp\/v2\/types\/product"}],"wp:featuredmedia":[{"embeddable":true,"href":"https:\/\/promoalge.com.br\/index.php?rest_route=\/wp\/v2\/media\/11570"}],"wp:attachment":[{"href":"https:\/\/promoalge.com.br\/index.php?rest_route=%2Fwp%2Fv2%2Fmedia&parent=11569"}],"wp:term":[{"taxonomy":"product_brand","embeddable":true,"href":"https:\/\/promoalge.com.br\/index.php?rest_route=%2Fwp%2Fv2%2Fproduct_brand&post=11569"},{"taxonomy":"product_cat","embeddable":true,"href":"https:\/\/promoalge.com.br\/index.php?rest_route=%2Fwp%2Fv2%2Fproduct_cat&post=11569"},{"taxonomy":"product_tag","embeddable":true,"href":"https:\/\/promoalge.com.br\/index.php?rest_route=%2Fwp%2Fv2%2Fproduct_tag&post=11569"}],"curies":[{"name":"wp","href":"https:\/\/api.w.org\/{rel}","templated":true}]}}