{"id":11579,"date":"2025-11-04T16:29:28","date_gmt":"2025-11-04T19:29:28","guid":{"rendered":"https:\/\/promoalge.com.br\/?post_type=product&#038;p=11579"},"modified":"2025-11-04T16:29:29","modified_gmt":"2025-11-04T19:29:29","slug":"garrafa-termica-600ml-pr-18976","status":"publish","type":"product","link":"https:\/\/promoalge.com.br\/?product=garrafa-termica-600ml-pr-18976","title":{"rendered":"Garrafa T\u00e9rmica 600ml &#8211; PR 18976"},"content":{"rendered":"","protected":false},"excerpt":{"rendered":"<p>Descri\u00e7\u00e3o: Garrafa t\u00e9rmica feita em inox com estrutura em parede dupla, veda\u00e7\u00e3o a v\u00e1cuo e capacidade m\u00e1xima de 600ml, ideal para manter a temperatura de l\u00edquidos por mais tempo. Possui tampa rosque\u00e1vel em pl\u00e1stico resistente com protetor de bocal e al\u00e7a fixa, em formato retangular, para transporte.<\/p>\n<p>Altura :  23,5 cm<\/p>\n<p>Largura :  9,6 cm<\/p>\n<p>Circunfer\u00eancia :  23,2 cm<\/p>\n<p>Quantidade minima de 50 unidades.<\/p>\n","protected":false},"featured_media":11580,"template":"","meta":[],"product_brand":[],"product_cat":[237],"product_tag":[],"class_list":{"0":"post-11579","1":"product","2":"type-product","3":"status-publish","4":"has-post-thumbnail","6":"product_cat-metalicas","8":"first","9":"instock","10":"shipping-taxable","11":"product-type-simple"},"_links":{"self":[{"href":"https:\/\/promoalge.com.br\/index.php?rest_route=\/wp\/v2\/product\/11579","targetHints":{"allow":["GET"]}}],"collection":[{"href":"https:\/\/promoalge.com.br\/index.php?rest_route=\/wp\/v2\/product"}],"about":[{"href":"https:\/\/promoalge.com.br\/index.php?rest_route=\/wp\/v2\/types\/product"}],"wp:featuredmedia":[{"embeddable":true,"href":"https:\/\/promoalge.com.br\/index.php?rest_route=\/wp\/v2\/media\/11580"}],"wp:attachment":[{"href":"https:\/\/promoalge.com.br\/index.php?rest_route=%2Fwp%2Fv2%2Fmedia&parent=11579"}],"wp:term":[{"taxonomy":"product_brand","embeddable":true,"href":"https:\/\/promoalge.com.br\/index.php?rest_route=%2Fwp%2Fv2%2Fproduct_brand&post=11579"},{"taxonomy":"product_cat","embeddable":true,"href":"https:\/\/promoalge.com.br\/index.php?rest_route=%2Fwp%2Fv2%2Fproduct_cat&post=11579"},{"taxonomy":"product_tag","embeddable":true,"href":"https:\/\/promoalge.com.br\/index.php?rest_route=%2Fwp%2Fv2%2Fproduct_tag&post=11579"}],"curies":[{"name":"wp","href":"https:\/\/api.w.org\/{rel}","templated":true}]}}