{"id":11581,"date":"2025-11-04T16:30:49","date_gmt":"2025-11-04T19:30:49","guid":{"rendered":"https:\/\/promoalge.com.br\/?post_type=product&#038;p=11581"},"modified":"2025-11-04T16:30:49","modified_gmt":"2025-11-04T19:30:49","slug":"porta-retrato-pvc-pr-18989","status":"publish","type":"product","link":"https:\/\/promoalge.com.br\/?product=porta-retrato-pvc-pr-18989","title":{"rendered":"Porta-Retrato PVC &#8211; PR 18989"},"content":{"rendered":"","protected":false},"excerpt":{"rendered":"<p>Descri\u00e7\u00e3o: Porta-retrato para fotos 10 x 15, ideal para mesas e superf\u00edcies planas. Possui moldura em PVC, visor em acetato, fundo em MDF e travas met\u00e1licas.<\/p>\n<p>Altura :  20 cm<\/p>\n<p>Largura :  15 cm<\/p>\n<p>Espessura :  1,5 cm<\/p>\n<p>Quantidade minima de 50 unidades.<\/p>\n","protected":false},"featured_media":11582,"template":"","meta":[],"product_brand":[],"product_cat":[353],"product_tag":[],"class_list":{"0":"post-11581","1":"product","2":"type-product","3":"status-publish","4":"has-post-thumbnail","6":"product_cat-diversos","8":"first","9":"instock","10":"shipping-taxable","11":"product-type-simple"},"_links":{"self":[{"href":"https:\/\/promoalge.com.br\/index.php?rest_route=\/wp\/v2\/product\/11581","targetHints":{"allow":["GET"]}}],"collection":[{"href":"https:\/\/promoalge.com.br\/index.php?rest_route=\/wp\/v2\/product"}],"about":[{"href":"https:\/\/promoalge.com.br\/index.php?rest_route=\/wp\/v2\/types\/product"}],"wp:featuredmedia":[{"embeddable":true,"href":"https:\/\/promoalge.com.br\/index.php?rest_route=\/wp\/v2\/media\/11582"}],"wp:attachment":[{"href":"https:\/\/promoalge.com.br\/index.php?rest_route=%2Fwp%2Fv2%2Fmedia&parent=11581"}],"wp:term":[{"taxonomy":"product_brand","embeddable":true,"href":"https:\/\/promoalge.com.br\/index.php?rest_route=%2Fwp%2Fv2%2Fproduct_brand&post=11581"},{"taxonomy":"product_cat","embeddable":true,"href":"https:\/\/promoalge.com.br\/index.php?rest_route=%2Fwp%2Fv2%2Fproduct_cat&post=11581"},{"taxonomy":"product_tag","embeddable":true,"href":"https:\/\/promoalge.com.br\/index.php?rest_route=%2Fwp%2Fv2%2Fproduct_tag&post=11581"}],"curies":[{"name":"wp","href":"https:\/\/api.w.org\/{rel}","templated":true}]}}