{"id":11585,"date":"2025-11-04T16:40:26","date_gmt":"2025-11-04T19:40:26","guid":{"rendered":"https:\/\/promoalge.com.br\/?post_type=product&#038;p=11585"},"modified":"2025-11-04T16:40:26","modified_gmt":"2025-11-04T19:40:26","slug":"garrafa-termica-600ml-pr-19003","status":"publish","type":"product","link":"https:\/\/promoalge.com.br\/?product=garrafa-termica-600ml-pr-19003","title":{"rendered":"Garrafa T\u00e9rmica 600ml &#8211; PR 19003"},"content":{"rendered":"","protected":false},"excerpt":{"rendered":"<p>Descri\u00e7\u00e3o: Garrafa t\u00e9rmica em inox com capacidade de at\u00e9 600ml. Apresenta estrutura com parede dupla e isolamento a v\u00e1cuo, permitindo conservar a temperatura de l\u00edquidos por mais tempo. Possui tampa pl\u00e1stica rosque\u00e1vel com prote\u00e7\u00e3o para o bocal e al\u00e7a fixa para transporte.<\/p>\n<p>Altura :  23 cm<\/p>\n<p>Largura :  8 cm<\/p>\n<p>Circunfer\u00eancia :  23,3 cm<\/p>\n<p>Quantidade minima de 50 unidades.<\/p>\n","protected":false},"featured_media":11586,"template":"","meta":[],"product_brand":[],"product_cat":[237],"product_tag":[],"class_list":{"0":"post-11585","1":"product","2":"type-product","3":"status-publish","4":"has-post-thumbnail","6":"product_cat-metalicas","8":"first","9":"instock","10":"shipping-taxable","11":"product-type-simple"},"_links":{"self":[{"href":"https:\/\/promoalge.com.br\/index.php?rest_route=\/wp\/v2\/product\/11585","targetHints":{"allow":["GET"]}}],"collection":[{"href":"https:\/\/promoalge.com.br\/index.php?rest_route=\/wp\/v2\/product"}],"about":[{"href":"https:\/\/promoalge.com.br\/index.php?rest_route=\/wp\/v2\/types\/product"}],"wp:featuredmedia":[{"embeddable":true,"href":"https:\/\/promoalge.com.br\/index.php?rest_route=\/wp\/v2\/media\/11586"}],"wp:attachment":[{"href":"https:\/\/promoalge.com.br\/index.php?rest_route=%2Fwp%2Fv2%2Fmedia&parent=11585"}],"wp:term":[{"taxonomy":"product_brand","embeddable":true,"href":"https:\/\/promoalge.com.br\/index.php?rest_route=%2Fwp%2Fv2%2Fproduct_brand&post=11585"},{"taxonomy":"product_cat","embeddable":true,"href":"https:\/\/promoalge.com.br\/index.php?rest_route=%2Fwp%2Fv2%2Fproduct_cat&post=11585"},{"taxonomy":"product_tag","embeddable":true,"href":"https:\/\/promoalge.com.br\/index.php?rest_route=%2Fwp%2Fv2%2Fproduct_tag&post=11585"}],"curies":[{"name":"wp","href":"https:\/\/api.w.org\/{rel}","templated":true}]}}