{"id":11599,"date":"2025-11-04T17:05:10","date_gmt":"2025-11-04T20:05:10","guid":{"rendered":"https:\/\/promoalge.com.br\/?post_type=product&#038;p=11599"},"modified":"2025-11-04T17:05:11","modified_gmt":"2025-11-04T20:05:11","slug":"necessaire-em-eva-pr-19024","status":"publish","type":"product","link":"https:\/\/promoalge.com.br\/?product=necessaire-em-eva-pr-19024","title":{"rendered":"N\u00e9cessaire em EVA &#8211; PR 19024"},"content":{"rendered":"","protected":false},"excerpt":{"rendered":"<p>Descri\u00e7\u00e3o: N\u00e9cessaire imperme\u00e1vel \u00e0 \u00e1gua e confeccionado em EVA. Conta com abertura e fechamento em z\u00edper e al\u00e7a lateral em nylon.<\/p>\n<p>Altura :  13,5 cm<\/p>\n<p>Largura :  20 cm<\/p>\n<p>Profundidade :  6,5 cm<\/p>\n<p>Quantidade minima de 50 unidades.<\/p>\n","protected":false},"featured_media":11600,"template":"","meta":[],"product_brand":[],"product_cat":[416],"product_tag":[],"class_list":{"0":"post-11599","1":"product","2":"type-product","3":"status-publish","4":"has-post-thumbnail","6":"product_cat-necessaire","8":"first","9":"instock","10":"shipping-taxable","11":"product-type-simple"},"_links":{"self":[{"href":"https:\/\/promoalge.com.br\/index.php?rest_route=\/wp\/v2\/product\/11599","targetHints":{"allow":["GET"]}}],"collection":[{"href":"https:\/\/promoalge.com.br\/index.php?rest_route=\/wp\/v2\/product"}],"about":[{"href":"https:\/\/promoalge.com.br\/index.php?rest_route=\/wp\/v2\/types\/product"}],"wp:featuredmedia":[{"embeddable":true,"href":"https:\/\/promoalge.com.br\/index.php?rest_route=\/wp\/v2\/media\/11600"}],"wp:attachment":[{"href":"https:\/\/promoalge.com.br\/index.php?rest_route=%2Fwp%2Fv2%2Fmedia&parent=11599"}],"wp:term":[{"taxonomy":"product_brand","embeddable":true,"href":"https:\/\/promoalge.com.br\/index.php?rest_route=%2Fwp%2Fv2%2Fproduct_brand&post=11599"},{"taxonomy":"product_cat","embeddable":true,"href":"https:\/\/promoalge.com.br\/index.php?rest_route=%2Fwp%2Fv2%2Fproduct_cat&post=11599"},{"taxonomy":"product_tag","embeddable":true,"href":"https:\/\/promoalge.com.br\/index.php?rest_route=%2Fwp%2Fv2%2Fproduct_tag&post=11599"}],"curies":[{"name":"wp","href":"https:\/\/api.w.org\/{rel}","templated":true}]}}