{"id":11603,"date":"2025-11-06T11:34:27","date_gmt":"2025-11-06T14:34:27","guid":{"rendered":"https:\/\/promoalge.com.br\/?post_type=product&#038;p=11603"},"modified":"2025-11-06T11:34:27","modified_gmt":"2025-11-06T14:34:27","slug":"cordao-salva-telefone-cstel","status":"publish","type":"product","link":"https:\/\/promoalge.com.br\/?product=cordao-salva-telefone-cstel","title":{"rendered":"Cord\u00e3o Salva Telefone &#8211; CSTEL"},"content":{"rendered":"","protected":false},"excerpt":{"rendered":"<p>Cord\u00e3o modelo salva phone produzido em poli\u00e9ster, medidas 1400&#215;20 mm , possui acabamento com mosquete e base translucida. Impress\u00e3o em policromia em todo cord\u00e3o.<\/p>\n<p>* M\u00ednimo 200 unidades.<\/p>\n","protected":false},"featured_media":11605,"template":"","meta":[],"product_brand":[],"product_cat":[353],"product_tag":[],"class_list":{"0":"post-11603","1":"product","2":"type-product","3":"status-publish","4":"has-post-thumbnail","6":"product_cat-diversos","8":"first","9":"instock","10":"shipping-taxable","11":"product-type-simple"},"_links":{"self":[{"href":"https:\/\/promoalge.com.br\/index.php?rest_route=\/wp\/v2\/product\/11603","targetHints":{"allow":["GET"]}}],"collection":[{"href":"https:\/\/promoalge.com.br\/index.php?rest_route=\/wp\/v2\/product"}],"about":[{"href":"https:\/\/promoalge.com.br\/index.php?rest_route=\/wp\/v2\/types\/product"}],"wp:featuredmedia":[{"embeddable":true,"href":"https:\/\/promoalge.com.br\/index.php?rest_route=\/wp\/v2\/media\/11605"}],"wp:attachment":[{"href":"https:\/\/promoalge.com.br\/index.php?rest_route=%2Fwp%2Fv2%2Fmedia&parent=11603"}],"wp:term":[{"taxonomy":"product_brand","embeddable":true,"href":"https:\/\/promoalge.com.br\/index.php?rest_route=%2Fwp%2Fv2%2Fproduct_brand&post=11603"},{"taxonomy":"product_cat","embeddable":true,"href":"https:\/\/promoalge.com.br\/index.php?rest_route=%2Fwp%2Fv2%2Fproduct_cat&post=11603"},{"taxonomy":"product_tag","embeddable":true,"href":"https:\/\/promoalge.com.br\/index.php?rest_route=%2Fwp%2Fv2%2Fproduct_tag&post=11603"}],"curies":[{"name":"wp","href":"https:\/\/api.w.org\/{rel}","templated":true}]}}