{"id":11609,"date":"2025-11-06T14:26:06","date_gmt":"2025-11-06T17:26:06","guid":{"rendered":"https:\/\/promoalge.com.br\/?post_type=product&#038;p=11609"},"modified":"2025-11-06T14:26:06","modified_gmt":"2025-11-06T17:26:06","slug":"sacola-ecologica-algodao-fundo-cortica-pr-15278","status":"publish","type":"product","link":"https:\/\/promoalge.com.br\/?product=sacola-ecologica-algodao-fundo-cortica-pr-15278","title":{"rendered":"Sacola Ecol\u00f3gica Algod\u00e3o Fundo Corti\u00e7a &#8211; PR 15278"},"content":{"rendered":"","protected":false},"excerpt":{"rendered":"<p>Descri\u00e7\u00e3o: Sacola confeccionada em algod\u00e3o com al\u00e7as costuradas na parte interna e fundo em corti\u00e7a sint\u00e9tica.<\/p>\n<p>Altura :  38,5 cm<\/p>\n<p>Largura :  30,5 cm<\/p>\n<p>Comprimento :  Al\u00e7a: 27 cm<\/p>\n<p>Quantidade minima de 50 unidades.<\/p>\n","protected":false},"featured_media":11610,"template":"","meta":[],"product_brand":[],"product_cat":[410],"product_tag":[],"class_list":{"0":"post-11609","1":"product","2":"type-product","3":"status-publish","4":"has-post-thumbnail","6":"product_cat-eventos-pastas-pvc","8":"first","9":"instock","10":"shipping-taxable","11":"product-type-simple"},"_links":{"self":[{"href":"https:\/\/promoalge.com.br\/index.php?rest_route=\/wp\/v2\/product\/11609","targetHints":{"allow":["GET"]}}],"collection":[{"href":"https:\/\/promoalge.com.br\/index.php?rest_route=\/wp\/v2\/product"}],"about":[{"href":"https:\/\/promoalge.com.br\/index.php?rest_route=\/wp\/v2\/types\/product"}],"wp:featuredmedia":[{"embeddable":true,"href":"https:\/\/promoalge.com.br\/index.php?rest_route=\/wp\/v2\/media\/11610"}],"wp:attachment":[{"href":"https:\/\/promoalge.com.br\/index.php?rest_route=%2Fwp%2Fv2%2Fmedia&parent=11609"}],"wp:term":[{"taxonomy":"product_brand","embeddable":true,"href":"https:\/\/promoalge.com.br\/index.php?rest_route=%2Fwp%2Fv2%2Fproduct_brand&post=11609"},{"taxonomy":"product_cat","embeddable":true,"href":"https:\/\/promoalge.com.br\/index.php?rest_route=%2Fwp%2Fv2%2Fproduct_cat&post=11609"},{"taxonomy":"product_tag","embeddable":true,"href":"https:\/\/promoalge.com.br\/index.php?rest_route=%2Fwp%2Fv2%2Fproduct_tag&post=11609"}],"curies":[{"name":"wp","href":"https:\/\/api.w.org\/{rel}","templated":true}]}}