{"id":11615,"date":"2025-11-06T14:57:02","date_gmt":"2025-11-06T17:57:02","guid":{"rendered":"https:\/\/promoalge.com.br\/?post_type=product&#038;p=11615"},"modified":"2025-11-06T14:57:02","modified_gmt":"2025-11-06T17:57:02","slug":"caderno-de-disco-percalux-pr-15345","status":"publish","type":"product","link":"https:\/\/promoalge.com.br\/?product=caderno-de-disco-percalux-pr-15345","title":{"rendered":"Caderno de Disco Percalux &#8211; PR 15345"},"content":{"rendered":"","protected":false},"excerpt":{"rendered":"<p>Descri\u00e7\u00e3o: Caderno de capa dura em percalux, com fechamento em el\u00e1stico e encaderna\u00e7\u00e3o em discos pl\u00e1sticos reposicion\u00e1veis, que permitem adicionar ou retirar folhas compat\u00edveis. Inclui p\u00e1ginas para dados pessoais, calend\u00e1rios de 2025 a 2027, datas importantes, planejamento trimestral e uma p\u00e1gina com instru\u00e7\u00f5es para troca de folhas. Conta ainda com aproximadamente 62 folhas pautadas brancas.<\/p>\n<p>Largura :  12,5 cm<\/p>\n<p>Espessura :  2,2 cm<\/p>\n<p>Comprimento :  14,3 cm<\/p>\n<p>Quantidade minima de 50 unidades.<\/p>\n","protected":false},"featured_media":11616,"template":"","meta":[],"product_brand":[],"product_cat":[409],"product_tag":[],"class_list":{"0":"post-11615","1":"product","2":"type-product","3":"status-publish","4":"has-post-thumbnail","6":"product_cat-escritorio","8":"first","9":"instock","10":"shipping-taxable","11":"product-type-simple"},"_links":{"self":[{"href":"https:\/\/promoalge.com.br\/index.php?rest_route=\/wp\/v2\/product\/11615","targetHints":{"allow":["GET"]}}],"collection":[{"href":"https:\/\/promoalge.com.br\/index.php?rest_route=\/wp\/v2\/product"}],"about":[{"href":"https:\/\/promoalge.com.br\/index.php?rest_route=\/wp\/v2\/types\/product"}],"wp:featuredmedia":[{"embeddable":true,"href":"https:\/\/promoalge.com.br\/index.php?rest_route=\/wp\/v2\/media\/11616"}],"wp:attachment":[{"href":"https:\/\/promoalge.com.br\/index.php?rest_route=%2Fwp%2Fv2%2Fmedia&parent=11615"}],"wp:term":[{"taxonomy":"product_brand","embeddable":true,"href":"https:\/\/promoalge.com.br\/index.php?rest_route=%2Fwp%2Fv2%2Fproduct_brand&post=11615"},{"taxonomy":"product_cat","embeddable":true,"href":"https:\/\/promoalge.com.br\/index.php?rest_route=%2Fwp%2Fv2%2Fproduct_cat&post=11615"},{"taxonomy":"product_tag","embeddable":true,"href":"https:\/\/promoalge.com.br\/index.php?rest_route=%2Fwp%2Fv2%2Fproduct_tag&post=11615"}],"curies":[{"name":"wp","href":"https:\/\/api.w.org\/{rel}","templated":true}]}}