{"id":11619,"date":"2025-11-06T15:06:54","date_gmt":"2025-11-06T18:06:54","guid":{"rendered":"https:\/\/promoalge.com.br\/?post_type=product&#038;p=11619"},"modified":"2025-11-06T15:06:54","modified_gmt":"2025-11-06T18:06:54","slug":"porta-joias-pr-01738","status":"publish","type":"product","link":"https:\/\/promoalge.com.br\/?product=porta-joias-pr-01738","title":{"rendered":"Porta-Joias &#8211; PR 01738"},"content":{"rendered":"","protected":false},"excerpt":{"rendered":"<p>Descri\u00e7\u00e3o: Porta-joias em Poliuretano e revestimento interno em tecido aveludado. Apresenta dois compartimentos principais com divis\u00f3rias em diferentes tamanhos, incluindo uma reparti\u00e7\u00e3o almofadada com ranhuras. Conta ainda com seis ganchos e um bolso com el\u00e1stico na parte interna da tampa. O estojo possui trava de seguran\u00e7a e chave para fechamento.<\/p>\n<p>Altura :  9 cm<\/p>\n<p>Profundidade :  17,3 cm<\/p>\n<p>Comprimento :  23,2 cm<\/p>\n<p>Quantidade minima de 50 unidades.<\/p>\n","protected":false},"featured_media":11620,"template":"","meta":[],"product_brand":[],"product_cat":[353],"product_tag":[],"class_list":{"0":"post-11619","1":"product","2":"type-product","3":"status-publish","4":"has-post-thumbnail","6":"product_cat-diversos","8":"first","9":"instock","10":"shipping-taxable","11":"product-type-simple"},"_links":{"self":[{"href":"https:\/\/promoalge.com.br\/index.php?rest_route=\/wp\/v2\/product\/11619","targetHints":{"allow":["GET"]}}],"collection":[{"href":"https:\/\/promoalge.com.br\/index.php?rest_route=\/wp\/v2\/product"}],"about":[{"href":"https:\/\/promoalge.com.br\/index.php?rest_route=\/wp\/v2\/types\/product"}],"wp:featuredmedia":[{"embeddable":true,"href":"https:\/\/promoalge.com.br\/index.php?rest_route=\/wp\/v2\/media\/11620"}],"wp:attachment":[{"href":"https:\/\/promoalge.com.br\/index.php?rest_route=%2Fwp%2Fv2%2Fmedia&parent=11619"}],"wp:term":[{"taxonomy":"product_brand","embeddable":true,"href":"https:\/\/promoalge.com.br\/index.php?rest_route=%2Fwp%2Fv2%2Fproduct_brand&post=11619"},{"taxonomy":"product_cat","embeddable":true,"href":"https:\/\/promoalge.com.br\/index.php?rest_route=%2Fwp%2Fv2%2Fproduct_cat&post=11619"},{"taxonomy":"product_tag","embeddable":true,"href":"https:\/\/promoalge.com.br\/index.php?rest_route=%2Fwp%2Fv2%2Fproduct_tag&post=11619"}],"curies":[{"name":"wp","href":"https:\/\/api.w.org\/{rel}","templated":true}]}}