{"id":11627,"date":"2025-11-06T15:25:16","date_gmt":"2025-11-06T18:25:16","guid":{"rendered":"https:\/\/promoalge.com.br\/?post_type=product&#038;p=11627"},"modified":"2025-11-06T15:25:16","modified_gmt":"2025-11-06T18:25:16","slug":"porta-joias-pr-06017b-2","status":"publish","type":"product","link":"https:\/\/promoalge.com.br\/?product=porta-joias-pr-06017b-2","title":{"rendered":"Porta-Joias &#8211; PR 06017B"},"content":{"rendered":"","protected":false},"excerpt":{"rendered":"<p>Descri\u00e7\u00e3o: Porta-joias de formato redondo em couro sint\u00e9tico e fechamento em z\u00edper. Possui revestimento interno aveludado, al\u00e9m de tr\u00eas pequenos ganchos, um bolso com el\u00e1stico, divis\u00f3rias remov\u00edveis e almofadas fixas para abrigar an\u00e9is.<\/p>\n<p>Altura :  4,7 cm<\/p>\n<p>Largura :  9,8 cm<\/p>\n<p>Comprimento :  9,9 cm<\/p>\n<p>Quantidade minima de 50 unidades.<\/p>\n","protected":false},"featured_media":11628,"template":"","meta":[],"product_brand":[],"product_cat":[353,413],"product_tag":[],"class_list":{"0":"post-11627","1":"product","2":"type-product","3":"status-publish","4":"has-post-thumbnail","6":"product_cat-diversos","7":"product_cat-linha-feminina","9":"first","10":"instock","11":"shipping-taxable","12":"product-type-simple"},"_links":{"self":[{"href":"https:\/\/promoalge.com.br\/index.php?rest_route=\/wp\/v2\/product\/11627","targetHints":{"allow":["GET"]}}],"collection":[{"href":"https:\/\/promoalge.com.br\/index.php?rest_route=\/wp\/v2\/product"}],"about":[{"href":"https:\/\/promoalge.com.br\/index.php?rest_route=\/wp\/v2\/types\/product"}],"wp:featuredmedia":[{"embeddable":true,"href":"https:\/\/promoalge.com.br\/index.php?rest_route=\/wp\/v2\/media\/11628"}],"wp:attachment":[{"href":"https:\/\/promoalge.com.br\/index.php?rest_route=%2Fwp%2Fv2%2Fmedia&parent=11627"}],"wp:term":[{"taxonomy":"product_brand","embeddable":true,"href":"https:\/\/promoalge.com.br\/index.php?rest_route=%2Fwp%2Fv2%2Fproduct_brand&post=11627"},{"taxonomy":"product_cat","embeddable":true,"href":"https:\/\/promoalge.com.br\/index.php?rest_route=%2Fwp%2Fv2%2Fproduct_cat&post=11627"},{"taxonomy":"product_tag","embeddable":true,"href":"https:\/\/promoalge.com.br\/index.php?rest_route=%2Fwp%2Fv2%2Fproduct_tag&post=11627"}],"curies":[{"name":"wp","href":"https:\/\/api.w.org\/{rel}","templated":true}]}}