{"id":11635,"date":"2025-11-06T16:02:18","date_gmt":"2025-11-06T19:02:18","guid":{"rendered":"https:\/\/promoalge.com.br\/?post_type=product&#038;p=11635"},"modified":"2025-11-06T16:02:19","modified_gmt":"2025-11-06T19:02:19","slug":"caneta-metal-touch-pr-08136a","status":"publish","type":"product","link":"https:\/\/promoalge.com.br\/?product=caneta-metal-touch-pr-08136a","title":{"rendered":"Caneta Metal Touch &#8211; PR 08136A"},"content":{"rendered":"","protected":false},"excerpt":{"rendered":"<p>Descri\u00e7\u00e3o: Caneta met\u00e1lica com detalhes emborrachados no corpo para proporcionar mais conforto na escrita. Possui carga esferogr\u00e1fica azul de 1.0mm e acionamento por clique. Conta com ponteira touch para intera\u00e7\u00e3o com dispositivos de tela sens\u00edvel ao toque.<\/p>\n<p>Largura :  1,5 cm<\/p>\n<p>Comprimento :  14 cm<\/p>\n<p>Quantidade minima de 50 unidades.<\/p>\n","protected":false},"featured_media":11636,"template":"","meta":[],"product_brand":[],"product_cat":[346],"product_tag":[],"class_list":{"0":"post-11635","1":"product","2":"type-product","3":"status-publish","4":"has-post-thumbnail","6":"product_cat-canetas-metalicas","8":"first","9":"instock","10":"shipping-taxable","11":"product-type-simple"},"_links":{"self":[{"href":"https:\/\/promoalge.com.br\/index.php?rest_route=\/wp\/v2\/product\/11635","targetHints":{"allow":["GET"]}}],"collection":[{"href":"https:\/\/promoalge.com.br\/index.php?rest_route=\/wp\/v2\/product"}],"about":[{"href":"https:\/\/promoalge.com.br\/index.php?rest_route=\/wp\/v2\/types\/product"}],"wp:featuredmedia":[{"embeddable":true,"href":"https:\/\/promoalge.com.br\/index.php?rest_route=\/wp\/v2\/media\/11636"}],"wp:attachment":[{"href":"https:\/\/promoalge.com.br\/index.php?rest_route=%2Fwp%2Fv2%2Fmedia&parent=11635"}],"wp:term":[{"taxonomy":"product_brand","embeddable":true,"href":"https:\/\/promoalge.com.br\/index.php?rest_route=%2Fwp%2Fv2%2Fproduct_brand&post=11635"},{"taxonomy":"product_cat","embeddable":true,"href":"https:\/\/promoalge.com.br\/index.php?rest_route=%2Fwp%2Fv2%2Fproduct_cat&post=11635"},{"taxonomy":"product_tag","embeddable":true,"href":"https:\/\/promoalge.com.br\/index.php?rest_route=%2Fwp%2Fv2%2Fproduct_tag&post=11635"}],"curies":[{"name":"wp","href":"https:\/\/api.w.org\/{rel}","templated":true}]}}