{"id":11651,"date":"2025-11-06T17:04:14","date_gmt":"2025-11-06T20:04:14","guid":{"rendered":"https:\/\/promoalge.com.br\/?post_type=product&#038;p=11651"},"modified":"2025-11-06T17:04:14","modified_gmt":"2025-11-06T20:04:14","slug":"necessaire-pu-pr-08273","status":"publish","type":"product","link":"https:\/\/promoalge.com.br\/?product=necessaire-pu-pr-08273","title":{"rendered":"N\u00e9cessaire PU &#8211; PR 08273"},"content":{"rendered":"","protected":false},"excerpt":{"rendered":"<p>Descri\u00e7\u00e3o: N\u00e9cessaire confeccionado em poliuretano (PU) imperme\u00e1vel com abertura em 180 graus que remete ao formato de uma concha. Possui amplo compartimento interno com dois bolsos laterais abertos e um central com fechamento em z\u00edper. Cont\u00e9m uma al\u00e7a para transporte.<\/p>\n<p>Altura :  13 cm<\/p>\n<p>Largura :  23 cm<\/p>\n<p>Profundidade :  12 cm<\/p>\n<p>Quantidade minima de 50 unidades.<\/p>\n","protected":false},"featured_media":11652,"template":"","meta":[],"product_brand":[],"product_cat":[416],"product_tag":[],"class_list":{"0":"post-11651","1":"product","2":"type-product","3":"status-publish","4":"has-post-thumbnail","6":"product_cat-necessaire","8":"first","9":"instock","10":"shipping-taxable","11":"product-type-simple"},"_links":{"self":[{"href":"https:\/\/promoalge.com.br\/index.php?rest_route=\/wp\/v2\/product\/11651","targetHints":{"allow":["GET"]}}],"collection":[{"href":"https:\/\/promoalge.com.br\/index.php?rest_route=\/wp\/v2\/product"}],"about":[{"href":"https:\/\/promoalge.com.br\/index.php?rest_route=\/wp\/v2\/types\/product"}],"wp:featuredmedia":[{"embeddable":true,"href":"https:\/\/promoalge.com.br\/index.php?rest_route=\/wp\/v2\/media\/11652"}],"wp:attachment":[{"href":"https:\/\/promoalge.com.br\/index.php?rest_route=%2Fwp%2Fv2%2Fmedia&parent=11651"}],"wp:term":[{"taxonomy":"product_brand","embeddable":true,"href":"https:\/\/promoalge.com.br\/index.php?rest_route=%2Fwp%2Fv2%2Fproduct_brand&post=11651"},{"taxonomy":"product_cat","embeddable":true,"href":"https:\/\/promoalge.com.br\/index.php?rest_route=%2Fwp%2Fv2%2Fproduct_cat&post=11651"},{"taxonomy":"product_tag","embeddable":true,"href":"https:\/\/promoalge.com.br\/index.php?rest_route=%2Fwp%2Fv2%2Fproduct_tag&post=11651"}],"curies":[{"name":"wp","href":"https:\/\/api.w.org\/{rel}","templated":true}]}}