{"id":11653,"date":"2025-11-06T17:07:25","date_gmt":"2025-11-06T20:07:25","guid":{"rendered":"https:\/\/promoalge.com.br\/?post_type=product&#038;p=11653"},"modified":"2025-11-06T17:07:25","modified_gmt":"2025-11-06T20:07:25","slug":"caderneta-palha-de-trigo-com-caneta-pr-08288","status":"publish","type":"product","link":"https:\/\/promoalge.com.br\/?product=caderneta-palha-de-trigo-com-caneta-pr-08288","title":{"rendered":"Caderneta Palha de Trigo com Caneta &#8211; PR 08288"},"content":{"rendered":"","protected":false},"excerpt":{"rendered":"<p>Descri\u00e7\u00e3o: Caderneta ecol\u00f3gica de capa dura revestida em fibra de palha de trigo. Cont\u00e9m aproximadamente 80 folhas brancas com pauta, al\u00e9m de duas folhas de guarda, uma fita para fechamento e porta-canetas el\u00e1stico. Acompanha uma caneta esferogr\u00e1fica de carga azul de 1,0mm com corpo em papel\u00e3o e clip, acionamento por clique e ponteira em pl\u00e1stico.<\/p>\n<p>Largura :  9,3 cm<\/p>\n<p>Espessura :  1,3 cm<\/p>\n<p>Comprimento :  14 cm<\/p>\n<p>Quantidade minima de 50 unidades.<\/p>\n","protected":false},"featured_media":11654,"template":"","meta":[],"product_brand":[],"product_cat":[409],"product_tag":[],"class_list":{"0":"post-11653","1":"product","2":"type-product","3":"status-publish","4":"has-post-thumbnail","6":"product_cat-escritorio","8":"first","9":"instock","10":"shipping-taxable","11":"product-type-simple"},"_links":{"self":[{"href":"https:\/\/promoalge.com.br\/index.php?rest_route=\/wp\/v2\/product\/11653","targetHints":{"allow":["GET"]}}],"collection":[{"href":"https:\/\/promoalge.com.br\/index.php?rest_route=\/wp\/v2\/product"}],"about":[{"href":"https:\/\/promoalge.com.br\/index.php?rest_route=\/wp\/v2\/types\/product"}],"wp:featuredmedia":[{"embeddable":true,"href":"https:\/\/promoalge.com.br\/index.php?rest_route=\/wp\/v2\/media\/11654"}],"wp:attachment":[{"href":"https:\/\/promoalge.com.br\/index.php?rest_route=%2Fwp%2Fv2%2Fmedia&parent=11653"}],"wp:term":[{"taxonomy":"product_brand","embeddable":true,"href":"https:\/\/promoalge.com.br\/index.php?rest_route=%2Fwp%2Fv2%2Fproduct_brand&post=11653"},{"taxonomy":"product_cat","embeddable":true,"href":"https:\/\/promoalge.com.br\/index.php?rest_route=%2Fwp%2Fv2%2Fproduct_cat&post=11653"},{"taxonomy":"product_tag","embeddable":true,"href":"https:\/\/promoalge.com.br\/index.php?rest_route=%2Fwp%2Fv2%2Fproduct_tag&post=11653"}],"curies":[{"name":"wp","href":"https:\/\/api.w.org\/{rel}","templated":true}]}}