{"id":11659,"date":"2025-11-11T14:42:44","date_gmt":"2025-11-11T17:42:44","guid":{"rendered":"https:\/\/promoalge.com.br\/?post_type=product&#038;p=11659"},"modified":"2025-11-11T14:42:44","modified_gmt":"2025-11-11T17:42:44","slug":"xicara-de-vidro-350ml-pr-08294","status":"publish","type":"product","link":"https:\/\/promoalge.com.br\/?product=xicara-de-vidro-350ml-pr-08294","title":{"rendered":"X\u00edcara de Vidro 350ml &#8211; PR 08294"},"content":{"rendered":"","protected":false},"excerpt":{"rendered":"<p>Descri\u00e7\u00e3o: Chaleira em vidro borossilicato e capacidade m\u00e1xima de 1 litro. Suporta varia\u00e7\u00f5es de temperatura, pode ser levada a fogo baixo. Possui tampa em bambu com veda\u00e7\u00e3o para conservar a temperatura dos l\u00edquidos por mais tempo. Acompanha filtro de bico em alum\u00ednio.<\/p>\n<p>Altura :  13,5 cm<\/p>\n<p>Largura :  20,3 cm<\/p>\n<p>Circunfer\u00eancia :  44,2 cm<\/p>\n<p>Quantidade minima de 50 unidades.<\/p>\n","protected":false},"featured_media":11660,"template":"","meta":[],"product_brand":[],"product_cat":[418],"product_tag":[],"class_list":{"0":"post-11659","1":"product","2":"type-product","3":"status-publish","4":"has-post-thumbnail","6":"product_cat-porcelana-e-vidros","8":"first","9":"instock","10":"shipping-taxable","11":"product-type-simple"},"_links":{"self":[{"href":"https:\/\/promoalge.com.br\/index.php?rest_route=\/wp\/v2\/product\/11659","targetHints":{"allow":["GET"]}}],"collection":[{"href":"https:\/\/promoalge.com.br\/index.php?rest_route=\/wp\/v2\/product"}],"about":[{"href":"https:\/\/promoalge.com.br\/index.php?rest_route=\/wp\/v2\/types\/product"}],"wp:featuredmedia":[{"embeddable":true,"href":"https:\/\/promoalge.com.br\/index.php?rest_route=\/wp\/v2\/media\/11660"}],"wp:attachment":[{"href":"https:\/\/promoalge.com.br\/index.php?rest_route=%2Fwp%2Fv2%2Fmedia&parent=11659"}],"wp:term":[{"taxonomy":"product_brand","embeddable":true,"href":"https:\/\/promoalge.com.br\/index.php?rest_route=%2Fwp%2Fv2%2Fproduct_brand&post=11659"},{"taxonomy":"product_cat","embeddable":true,"href":"https:\/\/promoalge.com.br\/index.php?rest_route=%2Fwp%2Fv2%2Fproduct_cat&post=11659"},{"taxonomy":"product_tag","embeddable":true,"href":"https:\/\/promoalge.com.br\/index.php?rest_route=%2Fwp%2Fv2%2Fproduct_tag&post=11659"}],"curies":[{"name":"wp","href":"https:\/\/api.w.org\/{rel}","templated":true}]}}