{"id":11688,"date":"2025-11-13T17:45:48","date_gmt":"2025-11-13T20:45:48","guid":{"rendered":"https:\/\/promoalge.com.br\/?post_type=product&#038;p=11688"},"modified":"2025-11-13T17:45:48","modified_gmt":"2025-11-13T20:45:48","slug":"porta-relogios-pr-09056","status":"publish","type":"product","link":"https:\/\/promoalge.com.br\/?product=porta-relogios-pr-09056","title":{"rendered":"Porta-Rel\u00f3gios &#8211; PR 09056"},"content":{"rendered":"","protected":false},"excerpt":{"rendered":"<p>Descri\u00e7\u00e3o: Porta-rel\u00f3gios com acabamento em couro sint\u00e9tico. Conta com revestimento interno em veludo e seis compartimentos: quatro com almofadas remov\u00edveis, um para objetos menores e outro almofadado com ranhuras. Possui tampa com visor em vidro e trava de seguran\u00e7a. Acompanha chave para fechamento do estojo.<\/p>\n<p>Altura :  7,7 cm<\/p>\n<p>Profundidade :  20,2 cm<\/p>\n<p>Comprimento :  16,2 cm<\/p>\n<p>Quantidade m\u00ednima de 50 unidades.<\/p>\n","protected":false},"featured_media":11689,"template":"","meta":[],"product_brand":[],"product_cat":[353],"product_tag":[],"class_list":{"0":"post-11688","1":"product","2":"type-product","3":"status-publish","4":"has-post-thumbnail","6":"product_cat-diversos","8":"first","9":"instock","10":"shipping-taxable","11":"product-type-simple"},"_links":{"self":[{"href":"https:\/\/promoalge.com.br\/index.php?rest_route=\/wp\/v2\/product\/11688","targetHints":{"allow":["GET"]}}],"collection":[{"href":"https:\/\/promoalge.com.br\/index.php?rest_route=\/wp\/v2\/product"}],"about":[{"href":"https:\/\/promoalge.com.br\/index.php?rest_route=\/wp\/v2\/types\/product"}],"wp:featuredmedia":[{"embeddable":true,"href":"https:\/\/promoalge.com.br\/index.php?rest_route=\/wp\/v2\/media\/11689"}],"wp:attachment":[{"href":"https:\/\/promoalge.com.br\/index.php?rest_route=%2Fwp%2Fv2%2Fmedia&parent=11688"}],"wp:term":[{"taxonomy":"product_brand","embeddable":true,"href":"https:\/\/promoalge.com.br\/index.php?rest_route=%2Fwp%2Fv2%2Fproduct_brand&post=11688"},{"taxonomy":"product_cat","embeddable":true,"href":"https:\/\/promoalge.com.br\/index.php?rest_route=%2Fwp%2Fv2%2Fproduct_cat&post=11688"},{"taxonomy":"product_tag","embeddable":true,"href":"https:\/\/promoalge.com.br\/index.php?rest_route=%2Fwp%2Fv2%2Fproduct_tag&post=11688"}],"curies":[{"name":"wp","href":"https:\/\/api.w.org\/{rel}","templated":true}]}}