{"id":11698,"date":"2025-11-13T20:35:10","date_gmt":"2025-11-13T23:35:10","guid":{"rendered":"https:\/\/promoalge.com.br\/?post_type=product&#038;p=11698"},"modified":"2025-11-13T20:35:10","modified_gmt":"2025-11-13T23:35:10","slug":"caneta-metal-touch-pr-09119","status":"publish","type":"product","link":"https:\/\/promoalge.com.br\/?product=caneta-metal-touch-pr-09119","title":{"rendered":"Caneta Metal Touch &#8211; PR 09119"},"content":{"rendered":"","protected":false},"excerpt":{"rendered":"<p>Descri\u00e7\u00e3o: Caneta em metal com detalhes emborrachados, carga esferogr\u00e1fica azul de 1.0mm e acionamento por clique com acabamento emborrachado que permite seu uso como uma caneta touch para intera\u00e7\u00e3o com dispositivos de tela sens\u00edvel ao toque.<\/p>\n<p>Largura :  1,4 cm<\/p>\n<p>Comprimento :  14,1 cm<\/p>\n<p>Quantidade m\u00ednima de 50 unidades.<\/p>\n","protected":false},"featured_media":11699,"template":"","meta":[],"product_brand":[],"product_cat":[346],"product_tag":[],"class_list":{"0":"post-11698","1":"product","2":"type-product","3":"status-publish","4":"has-post-thumbnail","6":"product_cat-canetas-metalicas","8":"first","9":"instock","10":"shipping-taxable","11":"product-type-simple"},"_links":{"self":[{"href":"https:\/\/promoalge.com.br\/index.php?rest_route=\/wp\/v2\/product\/11698","targetHints":{"allow":["GET"]}}],"collection":[{"href":"https:\/\/promoalge.com.br\/index.php?rest_route=\/wp\/v2\/product"}],"about":[{"href":"https:\/\/promoalge.com.br\/index.php?rest_route=\/wp\/v2\/types\/product"}],"wp:featuredmedia":[{"embeddable":true,"href":"https:\/\/promoalge.com.br\/index.php?rest_route=\/wp\/v2\/media\/11699"}],"wp:attachment":[{"href":"https:\/\/promoalge.com.br\/index.php?rest_route=%2Fwp%2Fv2%2Fmedia&parent=11698"}],"wp:term":[{"taxonomy":"product_brand","embeddable":true,"href":"https:\/\/promoalge.com.br\/index.php?rest_route=%2Fwp%2Fv2%2Fproduct_brand&post=11698"},{"taxonomy":"product_cat","embeddable":true,"href":"https:\/\/promoalge.com.br\/index.php?rest_route=%2Fwp%2Fv2%2Fproduct_cat&post=11698"},{"taxonomy":"product_tag","embeddable":true,"href":"https:\/\/promoalge.com.br\/index.php?rest_route=%2Fwp%2Fv2%2Fproduct_tag&post=11698"}],"curies":[{"name":"wp","href":"https:\/\/api.w.org\/{rel}","templated":true}]}}