{"id":11709,"date":"2025-11-18T13:38:04","date_gmt":"2025-11-18T16:38:04","guid":{"rendered":"https:\/\/promoalge.com.br\/?post_type=product&#038;p=11709"},"modified":"2025-11-18T13:38:04","modified_gmt":"2025-11-18T16:38:04","slug":"caderno-ecologico-com-autoadesivos-e-caneta-pr-18932","status":"publish","type":"product","link":"https:\/\/promoalge.com.br\/?product=caderno-ecologico-com-autoadesivos-e-caneta-pr-18932","title":{"rendered":"Caderno Ecol\u00f3gico com Autoadesivos e Caneta &#8211; PR 18932"},"content":{"rendered":"","protected":false},"excerpt":{"rendered":"<p>Descri\u00e7\u00e3o: Caderno de capa dura em kraft com porta-canetas el\u00e1stico, encaderna\u00e7\u00e3o Wire-O e dois bolsos internos. Cont\u00e9m cerca de 70 folhas pautadas brancas, al\u00e9m de um bloco com aproximadamente 20 folhas amarelas autoadesivas. Inclui ainda seis blocos de marcadores de p\u00e1gina coloridos autoadesivos, com cerca de 20 unidades cada. Acompanha caneta esferogr\u00e1fica com carga azul de 1.0mm, acionamento por clique, corpo em papel\u00e3o e demais componentes feitos em pl\u00e1stico.<\/p>\n<p>Largura :  12,5 cm<\/p>\n<p>Espessura :  1,8 cm<\/p>\n<p>Comprimento :  17,5 cm<\/p>\n<p>Quantidade minima de 50 unidades.<\/p>\n","protected":false},"featured_media":11710,"template":"","meta":[],"product_brand":[],"product_cat":[59],"product_tag":[],"class_list":{"0":"post-11709","1":"product","2":"type-product","3":"status-publish","4":"has-post-thumbnail","6":"product_cat-agendas-cadernos","8":"first","9":"instock","10":"shipping-taxable","11":"product-type-simple"},"_links":{"self":[{"href":"https:\/\/promoalge.com.br\/index.php?rest_route=\/wp\/v2\/product\/11709","targetHints":{"allow":["GET"]}}],"collection":[{"href":"https:\/\/promoalge.com.br\/index.php?rest_route=\/wp\/v2\/product"}],"about":[{"href":"https:\/\/promoalge.com.br\/index.php?rest_route=\/wp\/v2\/types\/product"}],"wp:featuredmedia":[{"embeddable":true,"href":"https:\/\/promoalge.com.br\/index.php?rest_route=\/wp\/v2\/media\/11710"}],"wp:attachment":[{"href":"https:\/\/promoalge.com.br\/index.php?rest_route=%2Fwp%2Fv2%2Fmedia&parent=11709"}],"wp:term":[{"taxonomy":"product_brand","embeddable":true,"href":"https:\/\/promoalge.com.br\/index.php?rest_route=%2Fwp%2Fv2%2Fproduct_brand&post=11709"},{"taxonomy":"product_cat","embeddable":true,"href":"https:\/\/promoalge.com.br\/index.php?rest_route=%2Fwp%2Fv2%2Fproduct_cat&post=11709"},{"taxonomy":"product_tag","embeddable":true,"href":"https:\/\/promoalge.com.br\/index.php?rest_route=%2Fwp%2Fv2%2Fproduct_tag&post=11709"}],"curies":[{"name":"wp","href":"https:\/\/api.w.org\/{rel}","templated":true}]}}