{"id":11711,"date":"2025-11-18T13:41:42","date_gmt":"2025-11-18T16:41:42","guid":{"rendered":"https:\/\/promoalge.com.br\/?post_type=product&#038;p=11711"},"modified":"2025-11-18T13:41:42","modified_gmt":"2025-11-18T16:41:42","slug":"bloco-de-anotacoes-com-autoadesivos-e-caneta-pr-18938","status":"publish","type":"product","link":"https:\/\/promoalge.com.br\/?product=bloco-de-anotacoes-com-autoadesivos-e-caneta-pr-18938","title":{"rendered":"Bloco de Anota\u00e7\u00f5es com Autoadesivos e Caneta &#8211; PR 18938"},"content":{"rendered":"","protected":false},"excerpt":{"rendered":"<p>Descri\u00e7\u00e3o: Bloco de anota\u00e7\u00f5es com capa dura revestida em papel especial e fita el\u00e1stica para fechamento. Possui cerca de 80 folhas pautadas, al\u00e9m de um bloco com aproximadamente 20 folhas autoadesivas amarelas e por volta de 100 marcadores de p\u00e1gina autoadesivos, divididos em cinco cores diferentes. Acompanha uma caneta esferogr\u00e1fica com carga azul de 1.0mm e acionamento por clique, corpo em papel\u00e3o e demais componentes em pl\u00e1stico.<\/p>\n<p>Largura :  13 cm<\/p>\n<p>Espessura :  1,4 cm<\/p>\n<p>Comprimento :  18 cm<\/p>\n<p>Quantidade minima de 50 unidades.<\/p>\n","protected":false},"featured_media":11712,"template":"","meta":[],"product_brand":[],"product_cat":[59],"product_tag":[],"class_list":{"0":"post-11711","1":"product","2":"type-product","3":"status-publish","4":"has-post-thumbnail","6":"product_cat-agendas-cadernos","8":"first","9":"instock","10":"shipping-taxable","11":"product-type-simple"},"_links":{"self":[{"href":"https:\/\/promoalge.com.br\/index.php?rest_route=\/wp\/v2\/product\/11711","targetHints":{"allow":["GET"]}}],"collection":[{"href":"https:\/\/promoalge.com.br\/index.php?rest_route=\/wp\/v2\/product"}],"about":[{"href":"https:\/\/promoalge.com.br\/index.php?rest_route=\/wp\/v2\/types\/product"}],"wp:featuredmedia":[{"embeddable":true,"href":"https:\/\/promoalge.com.br\/index.php?rest_route=\/wp\/v2\/media\/11712"}],"wp:attachment":[{"href":"https:\/\/promoalge.com.br\/index.php?rest_route=%2Fwp%2Fv2%2Fmedia&parent=11711"}],"wp:term":[{"taxonomy":"product_brand","embeddable":true,"href":"https:\/\/promoalge.com.br\/index.php?rest_route=%2Fwp%2Fv2%2Fproduct_brand&post=11711"},{"taxonomy":"product_cat","embeddable":true,"href":"https:\/\/promoalge.com.br\/index.php?rest_route=%2Fwp%2Fv2%2Fproduct_cat&post=11711"},{"taxonomy":"product_tag","embeddable":true,"href":"https:\/\/promoalge.com.br\/index.php?rest_route=%2Fwp%2Fv2%2Fproduct_tag&post=11711"}],"curies":[{"name":"wp","href":"https:\/\/api.w.org\/{rel}","templated":true}]}}