{"id":11715,"date":"2025-11-18T13:53:45","date_gmt":"2025-11-18T16:53:45","guid":{"rendered":"https:\/\/promoalge.com.br\/?post_type=product&#038;p=11715"},"modified":"2025-11-18T13:53:45","modified_gmt":"2025-11-18T16:53:45","slug":"copo-termico-900ml-pr-18969","status":"publish","type":"product","link":"https:\/\/promoalge.com.br\/?product=copo-termico-900ml-pr-18969","title":{"rendered":"Copo T\u00e9rmico 900ml &#8211; PR 18969"},"content":{"rendered":"","protected":false},"excerpt":{"rendered":"<p>Descri\u00e7\u00e3o: Copo t\u00e9rmico em a\u00e7o inox com capacidade de at\u00e9 900ml. Apresenta constru\u00e7\u00e3o em parede dupla, tampa rosque\u00e1vel pl\u00e1stica com veda\u00e7\u00e3o a v\u00e1cuo e tampa adicional com prote\u00e7\u00e3o para o bocal, o que permite a conserva\u00e7\u00e3o da temperatura de l\u00edquidos por mais tempo. Conta ainda com bico flip, canudo pl\u00e1stico interno remov\u00edvel e al\u00e7a para transporte. Sua pintura eletrost\u00e1tica confere uma cor duradoura e um acabamento de alta qualidade.<\/p>\n<p>Altura :  24,8 cm<\/p>\n<p>Largura :  11 cm<\/p>\n<p>Circunfer\u00eancia :  28,8 cm<\/p>\n<p>Quantidade minima de 50 unidades.<\/p>\n","protected":false},"featured_media":11716,"template":"","meta":[],"product_brand":[],"product_cat":[237],"product_tag":[],"class_list":{"0":"post-11715","1":"product","2":"type-product","3":"status-publish","4":"has-post-thumbnail","6":"product_cat-metalicas","8":"first","9":"instock","10":"shipping-taxable","11":"product-type-simple"},"_links":{"self":[{"href":"https:\/\/promoalge.com.br\/index.php?rest_route=\/wp\/v2\/product\/11715","targetHints":{"allow":["GET"]}}],"collection":[{"href":"https:\/\/promoalge.com.br\/index.php?rest_route=\/wp\/v2\/product"}],"about":[{"href":"https:\/\/promoalge.com.br\/index.php?rest_route=\/wp\/v2\/types\/product"}],"wp:featuredmedia":[{"embeddable":true,"href":"https:\/\/promoalge.com.br\/index.php?rest_route=\/wp\/v2\/media\/11716"}],"wp:attachment":[{"href":"https:\/\/promoalge.com.br\/index.php?rest_route=%2Fwp%2Fv2%2Fmedia&parent=11715"}],"wp:term":[{"taxonomy":"product_brand","embeddable":true,"href":"https:\/\/promoalge.com.br\/index.php?rest_route=%2Fwp%2Fv2%2Fproduct_brand&post=11715"},{"taxonomy":"product_cat","embeddable":true,"href":"https:\/\/promoalge.com.br\/index.php?rest_route=%2Fwp%2Fv2%2Fproduct_cat&post=11715"},{"taxonomy":"product_tag","embeddable":true,"href":"https:\/\/promoalge.com.br\/index.php?rest_route=%2Fwp%2Fv2%2Fproduct_tag&post=11715"}],"curies":[{"name":"wp","href":"https:\/\/api.w.org\/{rel}","templated":true}]}}