{"id":11717,"date":"2025-11-18T14:02:09","date_gmt":"2025-11-18T17:02:09","guid":{"rendered":"https:\/\/promoalge.com.br\/?post_type=product&#038;p=11717"},"modified":"2025-11-18T14:02:09","modified_gmt":"2025-11-18T17:02:09","slug":"garrafa-termica-600ml-pr-18975","status":"publish","type":"product","link":"https:\/\/promoalge.com.br\/?product=garrafa-termica-600ml-pr-18975","title":{"rendered":"Garrafa T\u00e9rmica 600ml &#8211; PR 18975"},"content":{"rendered":"","protected":false},"excerpt":{"rendered":"<p>Descri\u00e7\u00e3o: Garrafa t\u00e9rmica em inox com pintura eletrost\u00e1tica e capacidade de at\u00e9 600ml. Possui estrutura de parede dupla e tampa interna rosque\u00e1vel com anel de veda\u00e7\u00e3o, abertura do bocal por bot\u00e3o de acionamento e infusor. Conta ainda com tampa externa em formato de caneca e al\u00e7a emborrachada para transporte.<\/p>\n<p>Altura :  22,2 cm<\/p>\n<p>Largura :  9,3 cm<\/p>\n<p>Circunfer\u00eancia :  26 cm<\/p>\n<p>Quantidade minima de 50 unidades.<\/p>\n","protected":false},"featured_media":11718,"template":"","meta":[],"product_brand":[],"product_cat":[237],"product_tag":[],"class_list":{"0":"post-11717","1":"product","2":"type-product","3":"status-publish","4":"has-post-thumbnail","6":"product_cat-metalicas","8":"first","9":"instock","10":"shipping-taxable","11":"product-type-simple"},"_links":{"self":[{"href":"https:\/\/promoalge.com.br\/index.php?rest_route=\/wp\/v2\/product\/11717","targetHints":{"allow":["GET"]}}],"collection":[{"href":"https:\/\/promoalge.com.br\/index.php?rest_route=\/wp\/v2\/product"}],"about":[{"href":"https:\/\/promoalge.com.br\/index.php?rest_route=\/wp\/v2\/types\/product"}],"wp:featuredmedia":[{"embeddable":true,"href":"https:\/\/promoalge.com.br\/index.php?rest_route=\/wp\/v2\/media\/11718"}],"wp:attachment":[{"href":"https:\/\/promoalge.com.br\/index.php?rest_route=%2Fwp%2Fv2%2Fmedia&parent=11717"}],"wp:term":[{"taxonomy":"product_brand","embeddable":true,"href":"https:\/\/promoalge.com.br\/index.php?rest_route=%2Fwp%2Fv2%2Fproduct_brand&post=11717"},{"taxonomy":"product_cat","embeddable":true,"href":"https:\/\/promoalge.com.br\/index.php?rest_route=%2Fwp%2Fv2%2Fproduct_cat&post=11717"},{"taxonomy":"product_tag","embeddable":true,"href":"https:\/\/promoalge.com.br\/index.php?rest_route=%2Fwp%2Fv2%2Fproduct_tag&post=11717"}],"curies":[{"name":"wp","href":"https:\/\/api.w.org\/{rel}","templated":true}]}}