{"id":11723,"date":"2025-11-18T14:24:33","date_gmt":"2025-11-18T17:24:33","guid":{"rendered":"https:\/\/promoalge.com.br\/?post_type=product&#038;p=11723"},"modified":"2025-11-18T14:24:33","modified_gmt":"2025-11-18T17:24:33","slug":"espelho-de-mesa-plastico-pr-18985","status":"publish","type":"product","link":"https:\/\/promoalge.com.br\/?product=espelho-de-mesa-plastico-pr-18985","title":{"rendered":"Espelho de Mesa Pl\u00e1stico &#8211; PR 18985"},"content":{"rendered":"","protected":false},"excerpt":{"rendered":"<p>Descri\u00e7\u00e3o: Espelho de mesa dupla face girat\u00f3rio com base e moldura feitas em pl\u00e1stico e pedestal de alum\u00ednio. Cont\u00e9m tr\u00eas divis\u00f3rias na base para organizar de objetos diversos.<\/p>\n<p>Altura :  34,5 cm<\/p>\n<p>Largura :  14,5 cm<\/p>\n<p>Quantidade minima de 50 unidades.<\/p>\n","protected":false},"featured_media":11724,"template":"","meta":[],"product_brand":[],"product_cat":[353],"product_tag":[],"class_list":{"0":"post-11723","1":"product","2":"type-product","3":"status-publish","4":"has-post-thumbnail","6":"product_cat-diversos","8":"first","9":"instock","10":"shipping-taxable","11":"product-type-simple"},"_links":{"self":[{"href":"https:\/\/promoalge.com.br\/index.php?rest_route=\/wp\/v2\/product\/11723","targetHints":{"allow":["GET"]}}],"collection":[{"href":"https:\/\/promoalge.com.br\/index.php?rest_route=\/wp\/v2\/product"}],"about":[{"href":"https:\/\/promoalge.com.br\/index.php?rest_route=\/wp\/v2\/types\/product"}],"wp:featuredmedia":[{"embeddable":true,"href":"https:\/\/promoalge.com.br\/index.php?rest_route=\/wp\/v2\/media\/11724"}],"wp:attachment":[{"href":"https:\/\/promoalge.com.br\/index.php?rest_route=%2Fwp%2Fv2%2Fmedia&parent=11723"}],"wp:term":[{"taxonomy":"product_brand","embeddable":true,"href":"https:\/\/promoalge.com.br\/index.php?rest_route=%2Fwp%2Fv2%2Fproduct_brand&post=11723"},{"taxonomy":"product_cat","embeddable":true,"href":"https:\/\/promoalge.com.br\/index.php?rest_route=%2Fwp%2Fv2%2Fproduct_cat&post=11723"},{"taxonomy":"product_tag","embeddable":true,"href":"https:\/\/promoalge.com.br\/index.php?rest_route=%2Fwp%2Fv2%2Fproduct_tag&post=11723"}],"curies":[{"name":"wp","href":"https:\/\/api.w.org\/{rel}","templated":true}]}}