{"id":11730,"date":"2025-11-18T14:50:21","date_gmt":"2025-11-18T17:50:21","guid":{"rendered":"https:\/\/promoalge.com.br\/?post_type=product&#038;p=11730"},"modified":"2025-11-18T14:50:21","modified_gmt":"2025-11-18T17:50:21","slug":"porta-retrato-mdf-pr-18990b","status":"publish","type":"product","link":"https:\/\/promoalge.com.br\/?product=porta-retrato-mdf-pr-18990b","title":{"rendered":"Porta-Retrato MDF &#8211; PR 18990B"},"content":{"rendered":"","protected":false},"excerpt":{"rendered":"<p>Descri\u00e7\u00e3o: Porta-retrato para fotos 10 x 15, pode ser usado na vertical ou na horizontal e \u00e9 ideal para a decora\u00e7\u00e3o de mesas e superf\u00edcies planas. Possui moldura e fundo em MDF, visor em acetato e travas met\u00e1licas.<\/p>\n<p>Altura :  19 cm<\/p>\n<p>Largura :  14 cm<\/p>\n<p>Espessura :  1,2 cm<\/p>\n<p>Quantidade minima de 50 unidades.<\/p>\n","protected":false},"featured_media":11731,"template":"","meta":[],"product_brand":[],"product_cat":[353],"product_tag":[],"class_list":{"0":"post-11730","1":"product","2":"type-product","3":"status-publish","4":"has-post-thumbnail","6":"product_cat-diversos","8":"first","9":"instock","10":"shipping-taxable","11":"product-type-simple"},"_links":{"self":[{"href":"https:\/\/promoalge.com.br\/index.php?rest_route=\/wp\/v2\/product\/11730","targetHints":{"allow":["GET"]}}],"collection":[{"href":"https:\/\/promoalge.com.br\/index.php?rest_route=\/wp\/v2\/product"}],"about":[{"href":"https:\/\/promoalge.com.br\/index.php?rest_route=\/wp\/v2\/types\/product"}],"wp:featuredmedia":[{"embeddable":true,"href":"https:\/\/promoalge.com.br\/index.php?rest_route=\/wp\/v2\/media\/11731"}],"wp:attachment":[{"href":"https:\/\/promoalge.com.br\/index.php?rest_route=%2Fwp%2Fv2%2Fmedia&parent=11730"}],"wp:term":[{"taxonomy":"product_brand","embeddable":true,"href":"https:\/\/promoalge.com.br\/index.php?rest_route=%2Fwp%2Fv2%2Fproduct_brand&post=11730"},{"taxonomy":"product_cat","embeddable":true,"href":"https:\/\/promoalge.com.br\/index.php?rest_route=%2Fwp%2Fv2%2Fproduct_cat&post=11730"},{"taxonomy":"product_tag","embeddable":true,"href":"https:\/\/promoalge.com.br\/index.php?rest_route=%2Fwp%2Fv2%2Fproduct_tag&post=11730"}],"curies":[{"name":"wp","href":"https:\/\/api.w.org\/{rel}","templated":true}]}}