{"id":11741,"date":"2025-11-18T15:10:31","date_gmt":"2025-11-18T18:10:31","guid":{"rendered":"https:\/\/promoalge.com.br\/?post_type=product&#038;p=11741"},"modified":"2025-11-18T15:10:32","modified_gmt":"2025-11-18T18:10:32","slug":"caixa-para-presente-pr-18998","status":"publish","type":"product","link":"https:\/\/promoalge.com.br\/?product=caixa-para-presente-pr-18998","title":{"rendered":"Caixa para Presente &#8211; PR 18998"},"content":{"rendered":"","protected":false},"excerpt":{"rendered":"<p>Descri\u00e7\u00e3o: Caixa para presente feita em papel\u00e3o com acabamento levemente texturizado e la\u00e7o decorativo em cetim colado na tampa. Conta ainda com ber\u00e7o remov\u00edvel em espuma com ranhuras.<\/p>\n<p>Largura :  10 cm<\/p>\n<p>Profundidade :  3 cm<\/p>\n<p>Comprimento :  13 cm<\/p>\n<p>Quantidade minima de 50 unidades.<\/p>\n","protected":false},"featured_media":11742,"template":"","meta":[],"product_brand":[],"product_cat":[353],"product_tag":[],"class_list":{"0":"post-11741","1":"product","2":"type-product","3":"status-publish","4":"has-post-thumbnail","6":"product_cat-diversos","8":"first","9":"instock","10":"shipping-taxable","11":"product-type-simple"},"_links":{"self":[{"href":"https:\/\/promoalge.com.br\/index.php?rest_route=\/wp\/v2\/product\/11741","targetHints":{"allow":["GET"]}}],"collection":[{"href":"https:\/\/promoalge.com.br\/index.php?rest_route=\/wp\/v2\/product"}],"about":[{"href":"https:\/\/promoalge.com.br\/index.php?rest_route=\/wp\/v2\/types\/product"}],"wp:featuredmedia":[{"embeddable":true,"href":"https:\/\/promoalge.com.br\/index.php?rest_route=\/wp\/v2\/media\/11742"}],"wp:attachment":[{"href":"https:\/\/promoalge.com.br\/index.php?rest_route=%2Fwp%2Fv2%2Fmedia&parent=11741"}],"wp:term":[{"taxonomy":"product_brand","embeddable":true,"href":"https:\/\/promoalge.com.br\/index.php?rest_route=%2Fwp%2Fv2%2Fproduct_brand&post=11741"},{"taxonomy":"product_cat","embeddable":true,"href":"https:\/\/promoalge.com.br\/index.php?rest_route=%2Fwp%2Fv2%2Fproduct_cat&post=11741"},{"taxonomy":"product_tag","embeddable":true,"href":"https:\/\/promoalge.com.br\/index.php?rest_route=%2Fwp%2Fv2%2Fproduct_tag&post=11741"}],"curies":[{"name":"wp","href":"https:\/\/api.w.org\/{rel}","templated":true}]}}