{"id":11745,"date":"2025-11-18T15:24:31","date_gmt":"2025-11-18T18:24:31","guid":{"rendered":"https:\/\/promoalge.com.br\/?post_type=product&#038;p=11745"},"modified":"2025-11-18T15:24:31","modified_gmt":"2025-11-18T18:24:31","slug":"caixa-para-presente-pr-19000","status":"publish","type":"product","link":"https:\/\/promoalge.com.br\/?product=caixa-para-presente-pr-19000","title":{"rendered":"Caixa para Presente &#8211; PR 19000"},"content":{"rendered":"","protected":false},"excerpt":{"rendered":"<p>Descri\u00e7\u00e3o: Caixa para presente feita em papel\u00e3o com acabamento levemente texturizado e la\u00e7o decorativo colado diretamente na tampa. Conta ainda com ber\u00e7o remov\u00edvel em espuma com ranhuras.<\/p>\n<p>OBS.:IMAGEM ILUSTRATIVA, AS PE\u00c7AS N\u00c2O ACOMPANHAM.<\/p>\n<p>Altura :  3 cm<\/p>\n<p>Largura :  16 cm<\/p>\n<p>Comprimento :  19 cm<\/p>\n<p>Quantidade minima de 50 unidades.<\/p>\n","protected":false},"featured_media":11746,"template":"","meta":[],"product_brand":[],"product_cat":[353],"product_tag":[],"class_list":{"0":"post-11745","1":"product","2":"type-product","3":"status-publish","4":"has-post-thumbnail","6":"product_cat-diversos","8":"first","9":"instock","10":"shipping-taxable","11":"product-type-simple"},"_links":{"self":[{"href":"https:\/\/promoalge.com.br\/index.php?rest_route=\/wp\/v2\/product\/11745","targetHints":{"allow":["GET"]}}],"collection":[{"href":"https:\/\/promoalge.com.br\/index.php?rest_route=\/wp\/v2\/product"}],"about":[{"href":"https:\/\/promoalge.com.br\/index.php?rest_route=\/wp\/v2\/types\/product"}],"wp:featuredmedia":[{"embeddable":true,"href":"https:\/\/promoalge.com.br\/index.php?rest_route=\/wp\/v2\/media\/11746"}],"wp:attachment":[{"href":"https:\/\/promoalge.com.br\/index.php?rest_route=%2Fwp%2Fv2%2Fmedia&parent=11745"}],"wp:term":[{"taxonomy":"product_brand","embeddable":true,"href":"https:\/\/promoalge.com.br\/index.php?rest_route=%2Fwp%2Fv2%2Fproduct_brand&post=11745"},{"taxonomy":"product_cat","embeddable":true,"href":"https:\/\/promoalge.com.br\/index.php?rest_route=%2Fwp%2Fv2%2Fproduct_cat&post=11745"},{"taxonomy":"product_tag","embeddable":true,"href":"https:\/\/promoalge.com.br\/index.php?rest_route=%2Fwp%2Fv2%2Fproduct_tag&post=11745"}],"curies":[{"name":"wp","href":"https:\/\/api.w.org\/{rel}","templated":true}]}}