{"id":11747,"date":"2025-11-18T15:29:46","date_gmt":"2025-11-18T18:29:46","guid":{"rendered":"https:\/\/promoalge.com.br\/?post_type=product&#038;p=11747"},"modified":"2025-11-18T15:29:46","modified_gmt":"2025-11-18T18:29:46","slug":"caixa-para-presente-pr-19001","status":"publish","type":"product","link":"https:\/\/promoalge.com.br\/?product=caixa-para-presente-pr-19001","title":{"rendered":"Caixa para Presente &#8211; PR 19001"},"content":{"rendered":"","protected":false},"excerpt":{"rendered":"<p>Descri\u00e7\u00e3o: Caixa para presente compacta em papel\u00e3o com acabamento levemente texturizado e ilustra\u00e7\u00e3o de la\u00e7o na tampa. Acompanha ber\u00e7o remov\u00edvel em espuma com ranhuras.<\/p>\n<p>Altura :  3,2 cm<\/p>\n<p>Largura :  7,3 cm<\/p>\n<p>Comprimento :  7,3 cm<\/p>\n<p>Quantidade minima de 50 unidades.<\/p>\n","protected":false},"featured_media":11748,"template":"","meta":[],"product_brand":[],"product_cat":[353],"product_tag":[],"class_list":{"0":"post-11747","1":"product","2":"type-product","3":"status-publish","4":"has-post-thumbnail","6":"product_cat-diversos","8":"first","9":"instock","10":"shipping-taxable","11":"product-type-simple"},"_links":{"self":[{"href":"https:\/\/promoalge.com.br\/index.php?rest_route=\/wp\/v2\/product\/11747","targetHints":{"allow":["GET"]}}],"collection":[{"href":"https:\/\/promoalge.com.br\/index.php?rest_route=\/wp\/v2\/product"}],"about":[{"href":"https:\/\/promoalge.com.br\/index.php?rest_route=\/wp\/v2\/types\/product"}],"wp:featuredmedia":[{"embeddable":true,"href":"https:\/\/promoalge.com.br\/index.php?rest_route=\/wp\/v2\/media\/11748"}],"wp:attachment":[{"href":"https:\/\/promoalge.com.br\/index.php?rest_route=%2Fwp%2Fv2%2Fmedia&parent=11747"}],"wp:term":[{"taxonomy":"product_brand","embeddable":true,"href":"https:\/\/promoalge.com.br\/index.php?rest_route=%2Fwp%2Fv2%2Fproduct_brand&post=11747"},{"taxonomy":"product_cat","embeddable":true,"href":"https:\/\/promoalge.com.br\/index.php?rest_route=%2Fwp%2Fv2%2Fproduct_cat&post=11747"},{"taxonomy":"product_tag","embeddable":true,"href":"https:\/\/promoalge.com.br\/index.php?rest_route=%2Fwp%2Fv2%2Fproduct_tag&post=11747"}],"curies":[{"name":"wp","href":"https:\/\/api.w.org\/{rel}","templated":true}]}}