{"id":11751,"date":"2025-11-18T15:45:06","date_gmt":"2025-11-18T18:45:06","guid":{"rendered":"https:\/\/promoalge.com.br\/?post_type=product&#038;p=11751"},"modified":"2025-11-18T15:45:06","modified_gmt":"2025-11-18T18:45:06","slug":"garrafa-termica-550ml-pr-18949m","status":"publish","type":"product","link":"https:\/\/promoalge.com.br\/?product=garrafa-termica-550ml-pr-18949m","title":{"rendered":"Garrafa T\u00e9rmica 550ml &#8211; PR 18949M"},"content":{"rendered":"","protected":false},"excerpt":{"rendered":"<p>Descri\u00e7\u00e3o: Garrafa t\u00e9rmica em inox com pintura eletrost\u00e1tica e capacidade de at\u00e9 550ml. Mant\u00e9m a temperatura de l\u00edquidos por mais tempo gra\u00e7as \u00e0 estrutura de parede dupla e ao isolamento a v\u00e1cuo. Possui tampa pl\u00e1stica rosque\u00e1vel com protetor de bocal e al\u00e7a fixa. Acompanha protetor remov\u00edvel em silicone para a base.<\/p>\n<p>Altura :  22,5 cm<\/p>\n<p>Largura :  7,4 cm<\/p>\n<p>Circunfer\u00eancia :  23,3 cm<\/p>\n<p>Quantidade minima de 50 unidades.<\/p>\n","protected":false},"featured_media":11753,"template":"","meta":[],"product_brand":[],"product_cat":[237],"product_tag":[],"class_list":{"0":"post-11751","1":"product","2":"type-product","3":"status-publish","4":"has-post-thumbnail","6":"product_cat-metalicas","8":"first","9":"instock","10":"shipping-taxable","11":"product-type-simple"},"_links":{"self":[{"href":"https:\/\/promoalge.com.br\/index.php?rest_route=\/wp\/v2\/product\/11751","targetHints":{"allow":["GET"]}}],"collection":[{"href":"https:\/\/promoalge.com.br\/index.php?rest_route=\/wp\/v2\/product"}],"about":[{"href":"https:\/\/promoalge.com.br\/index.php?rest_route=\/wp\/v2\/types\/product"}],"wp:featuredmedia":[{"embeddable":true,"href":"https:\/\/promoalge.com.br\/index.php?rest_route=\/wp\/v2\/media\/11753"}],"wp:attachment":[{"href":"https:\/\/promoalge.com.br\/index.php?rest_route=%2Fwp%2Fv2%2Fmedia&parent=11751"}],"wp:term":[{"taxonomy":"product_brand","embeddable":true,"href":"https:\/\/promoalge.com.br\/index.php?rest_route=%2Fwp%2Fv2%2Fproduct_brand&post=11751"},{"taxonomy":"product_cat","embeddable":true,"href":"https:\/\/promoalge.com.br\/index.php?rest_route=%2Fwp%2Fv2%2Fproduct_cat&post=11751"},{"taxonomy":"product_tag","embeddable":true,"href":"https:\/\/promoalge.com.br\/index.php?rest_route=%2Fwp%2Fv2%2Fproduct_tag&post=11751"}],"curies":[{"name":"wp","href":"https:\/\/api.w.org\/{rel}","templated":true}]}}