{"id":11759,"date":"2025-11-18T15:55:26","date_gmt":"2025-11-18T18:55:26","guid":{"rendered":"https:\/\/promoalge.com.br\/?post_type=product&#038;p=11759"},"modified":"2025-11-18T15:55:26","modified_gmt":"2025-11-18T18:55:26","slug":"porta-joias-com-espelho-pr-18984","status":"publish","type":"product","link":"https:\/\/promoalge.com.br\/?product=porta-joias-com-espelho-pr-18984","title":{"rendered":"Porta-Joias com Espelho &#8211; PR 18984"},"content":{"rendered":"","protected":false},"excerpt":{"rendered":"<p>Descri\u00e7\u00e3o: Porta-joias feito em pl\u00e1stico com espelho sem aumento na parte interna da tampa. Possui compartimentos internos de tamanhos variados e uma gaveta com tr\u00eas divis\u00f3rias. Acompanha um pente compacto para cabelos.<\/p>\n<p>Altura :  3,5 cm<\/p>\n<p>Largura :  9,9 cm<\/p>\n<p>Comprimento :  9,9 cm<\/p>\n<p>Quantidade minima de 50 unidades.<\/p>\n","protected":false},"featured_media":11760,"template":"","meta":[],"product_brand":[],"product_cat":[413],"product_tag":[],"class_list":{"0":"post-11759","1":"product","2":"type-product","3":"status-publish","4":"has-post-thumbnail","6":"product_cat-linha-feminina","8":"first","9":"instock","10":"shipping-taxable","11":"product-type-simple"},"_links":{"self":[{"href":"https:\/\/promoalge.com.br\/index.php?rest_route=\/wp\/v2\/product\/11759","targetHints":{"allow":["GET"]}}],"collection":[{"href":"https:\/\/promoalge.com.br\/index.php?rest_route=\/wp\/v2\/product"}],"about":[{"href":"https:\/\/promoalge.com.br\/index.php?rest_route=\/wp\/v2\/types\/product"}],"wp:featuredmedia":[{"embeddable":true,"href":"https:\/\/promoalge.com.br\/index.php?rest_route=\/wp\/v2\/media\/11760"}],"wp:attachment":[{"href":"https:\/\/promoalge.com.br\/index.php?rest_route=%2Fwp%2Fv2%2Fmedia&parent=11759"}],"wp:term":[{"taxonomy":"product_brand","embeddable":true,"href":"https:\/\/promoalge.com.br\/index.php?rest_route=%2Fwp%2Fv2%2Fproduct_brand&post=11759"},{"taxonomy":"product_cat","embeddable":true,"href":"https:\/\/promoalge.com.br\/index.php?rest_route=%2Fwp%2Fv2%2Fproduct_cat&post=11759"},{"taxonomy":"product_tag","embeddable":true,"href":"https:\/\/promoalge.com.br\/index.php?rest_route=%2Fwp%2Fv2%2Fproduct_tag&post=11759"}],"curies":[{"name":"wp","href":"https:\/\/api.w.org\/{rel}","templated":true}]}}