{"id":11761,"date":"2025-11-18T15:58:10","date_gmt":"2025-11-18T18:58:10","guid":{"rendered":"https:\/\/promoalge.com.br\/?post_type=product&#038;p=11761"},"modified":"2025-11-18T15:58:10","modified_gmt":"2025-11-18T18:58:10","slug":"sacola-de-algodao-pr-13805","status":"publish","type":"product","link":"https:\/\/promoalge.com.br\/?product=sacola-de-algodao-pr-13805","title":{"rendered":"Sacola de Algod\u00e3o &#8211; PR 13805"},"content":{"rendered":"","protected":false},"excerpt":{"rendered":"<p>Descri\u00e7\u00e3o: Sacola confeccionada em algod\u00e3o 220 g\/m\u00b2 com al\u00e7as de algod\u00e3o tran\u00e7ado.<\/p>\n<p>Altura :  37,5 cm<\/p>\n<p>Largura :  33 cm<\/p>\n<p>Comprimento :  Al\u00e7as de ponta a ponta 33 cm<\/p>\n<p>Quantidade minima de 50 unidades.<\/p>\n","protected":false},"featured_media":11762,"template":"","meta":[],"product_brand":[],"product_cat":[410],"product_tag":[],"class_list":{"0":"post-11761","1":"product","2":"type-product","3":"status-publish","4":"has-post-thumbnail","6":"product_cat-eventos-pastas-pvc","8":"first","9":"instock","10":"shipping-taxable","11":"product-type-simple"},"_links":{"self":[{"href":"https:\/\/promoalge.com.br\/index.php?rest_route=\/wp\/v2\/product\/11761","targetHints":{"allow":["GET"]}}],"collection":[{"href":"https:\/\/promoalge.com.br\/index.php?rest_route=\/wp\/v2\/product"}],"about":[{"href":"https:\/\/promoalge.com.br\/index.php?rest_route=\/wp\/v2\/types\/product"}],"wp:featuredmedia":[{"embeddable":true,"href":"https:\/\/promoalge.com.br\/index.php?rest_route=\/wp\/v2\/media\/11762"}],"wp:attachment":[{"href":"https:\/\/promoalge.com.br\/index.php?rest_route=%2Fwp%2Fv2%2Fmedia&parent=11761"}],"wp:term":[{"taxonomy":"product_brand","embeddable":true,"href":"https:\/\/promoalge.com.br\/index.php?rest_route=%2Fwp%2Fv2%2Fproduct_brand&post=11761"},{"taxonomy":"product_cat","embeddable":true,"href":"https:\/\/promoalge.com.br\/index.php?rest_route=%2Fwp%2Fv2%2Fproduct_cat&post=11761"},{"taxonomy":"product_tag","embeddable":true,"href":"https:\/\/promoalge.com.br\/index.php?rest_route=%2Fwp%2Fv2%2Fproduct_tag&post=11761"}],"curies":[{"name":"wp","href":"https:\/\/api.w.org\/{rel}","templated":true}]}}